{"id":79,"date":"2021-02-15T13:45:55","date_gmt":"2021-02-15T12:45:55","guid":{"rendered":"https:\/\/mdkmlawa.com\/turysta\/?page_id=79"},"modified":"2021-03-31T13:16:30","modified_gmt":"2021-03-31T11:16:30","slug":"gastronomia","status":"publish","type":"page","link":"https:\/\/mdkmlawa.com\/turysta\/nasze-miasto\/vademecum-turysty\/gastronomia\/","title":{"rendered":"Gastronomia"},"content":{"rendered":"\n<p>Restauracja&nbsp;<strong>Ambrozja<\/strong><br>ul. Zuzanny Morawskiej 19, M\u0142awa<br>tel. 23&nbsp;654-66-34<\/p>\n\n\n\n<p><strong>Tesali<\/strong>\u00a0<br>ul. Po\u015bwi\u0119tna 3A, M\u0142awa<br>tel. 23\u00a0684 13 14<\/p>\n\n\n\n<p><strong>United Chicken <\/strong>(restauracja ameryka\u0144ska)<br>ul. Juliusza Konstantego Ordona 25\/1<br>tel. 23 653 25 82<\/p>\n\n\n\n<p>Pizzeria\u00a0<strong>105<\/strong>\u00a0<br>ul. \u017bwirki 33a, M\u0142awa<br>tel. 23\u00a0655 10 54<\/p>\n\n\n\n<p><strong>w Zapiecku<\/strong><br>ul. Henryka Sienkiewicza 4, M\u0142awa<br>tel. 518\u00a0091 935<\/p>\n\n\n\n<p>Pizzeria\u00a0<strong>Peperoni<\/strong><br>ul. D\u0142uga 2, M\u0142awa<br>tel. 23\u00a0652 00 33<\/p>\n\n\n\n<p>Pizzeria\u00a0<strong>u Benka<\/strong><br>ul. P\u0142ocka 29, M\u0142awa<br>tel. 512 10 10 14<\/p>\n\n\n\n<p><strong>Ku\u017ania Smak\u00f3w<\/strong><br>ul. Gabriela Narutowicza 1A, M\u0142awa<br>732 851 115<\/p>\n\n\n\n<p><strong>Restauracja Parkowa<\/strong><br>ul. W\u0142adys\u0142awa Reymonta10, M\u0142awa<br>tel. 508 864 996<\/p>\n\n\n\n<p><strong>MacJack<\/strong><br>ul. \u017beromskiego 5\/1, M\u0142awa<br>tel. 531 564 158<\/p>\n\n\n\n<p><strong>Anna Bistro &#8211; Obiady domowe<\/strong><br>ul. Sienkiewicza 30, M\u0142awa<br>507 782 723<\/p>\n\n\n\n<p><strong>Ol-Ka Obiady domowe<\/strong><br>ul. Grzebskiego 34, M\u0142awa<br>tel. 518 630 610<\/p>\n\n\n\n<p><strong>Pierogarnia<\/strong><br>ul. Franciszka \u017bwirki 11, M\u0142awa<br>tel. 507 784 881<\/p>\n\n\n\n<p><strong>Pierogarnia na Starym Rynku<\/strong><br>Stary Rynek 4, M\u0142awa<br>tel. 23 655 03 30<\/p>\n\n\n\n<p>Restauracja\u00a0<strong>Tradycja<\/strong><br>ul. Sienkiewicza 21, M\u0142awa<br>tel. 23\u00a0654 65 65<\/p>\n\n\n\n<p><strong>MEATing<\/strong><br>ul. Powsta\u0144c\u00f3w Styczniowych 5a, M\u0142awa<br>tel. 662 278 248<\/p>\n\n\n\n<p><strong>Grill &#8211; bar M\u0142awa<\/strong><br>ul. Osiedle M\u0142odych 13a, M\u0142awa<br>tel. 512 112 208<\/p>\n\n\n\n<p><strong>Kim Loan<\/strong> (bar z kuchni\u0105 wietnamsk\u0105)<br>ul. Wymy\u015blin 4, M\u0142awa<br>tel. 23 655 21 59<\/p>\n\n\n\n<p><strong>Kei Sushi<\/strong> (restauracja sushi)<br>ul. Torfa Za\u0142eskiego 10B, M\u0142awa<br>tel. 730 030 329<\/p>\n\n\n\n<p><strong>Gary Babci Krysi<\/strong><br>ul. Boles\u0142awa Chrobrego 7<br>tel. 791 187 233<\/p>\n\n\n\n<p><strong>Mr. Burger<\/strong><br>ul. Tadeusza Ko\u015bciuszki 3, M\u0142awa<br>tel. 739 149 377<\/p>\n\n\n\n<p><strong>Bar ASIA<\/strong><br>ul. Osiedle M\u0142odych 19, M\u0142awa<br>tel. 23 652 04 57<\/p>\n\n\n\n<p><br><\/p>\n\n\n\n<p><\/p>\n\n\n\n<p><\/p>\n\n\n\n<p><br><br><\/p>\n","protected":false},"excerpt":{"rendered":"<p>Restauracja&nbsp;Ambrozjaul. Zuzanny Morawskiej 19, M\u0142awatel. 23&nbsp;654-66-34 Tesali\u00a0ul. Po\u015bwi\u0119tna 3A, M\u0142awatel. 23\u00a0684 13 14 United Chicken (restauracja ameryka\u0144ska)ul. Juliusza Konstantego Ordona 25\/1tel. 23 653 25 82 Pizzeria\u00a0105\u00a0ul. \u017bwirki 33a, M\u0142awatel. 23\u00a0655&#8230;<\/p>\n","protected":false},"author":1,"featured_media":0,"parent":63,"menu_order":0,"comment_status":"closed","ping_status":"closed","template":"","meta":{"_acf_changed":false,"_kad_blocks_custom_css":"","_kad_blocks_head_custom_js":"","_kad_blocks_body_custom_js":"","_kad_blocks_footer_custom_js":"","_kad_post_transparent":"","_kad_post_title":"","_kad_post_layout":"","_kad_post_sidebar_id":"","_kad_post_content_style":"","_kad_post_vertical_padding":"","_kad_post_feature":"","_kad_post_feature_position":"","_kad_post_header":false,"_kad_post_footer":false,"_kad_post_classname":"","footnotes":""},"class_list":["post-79","page","type-page","status-publish","hentry"],"acf":[],"featured_image_src_large":false,"author_info":{"display_name":"efactory_tsz","author_link":"https:\/\/mdkmlawa.com\/turysta\/author\/efactory_tsz\/"},"comment_info":0,"taxonomy_info":[],"_links":{"self":[{"href":"https:\/\/mdkmlawa.com\/turysta\/wp-json\/wp\/v2\/pages\/79","targetHints":{"allow":["GET"]}}],"collection":[{"href":"https:\/\/mdkmlawa.com\/turysta\/wp-json\/wp\/v2\/pages"}],"about":[{"href":"https:\/\/mdkmlawa.com\/turysta\/wp-json\/wp\/v2\/types\/page"}],"author":[{"embeddable":true,"href":"https:\/\/mdkmlawa.com\/turysta\/wp-json\/wp\/v2\/users\/1"}],"replies":[{"embeddable":true,"href":"https:\/\/mdkmlawa.com\/turysta\/wp-json\/wp\/v2\/comments?post=79"}],"version-history":[{"count":11,"href":"https:\/\/mdkmlawa.com\/turysta\/wp-json\/wp\/v2\/pages\/79\/revisions"}],"predecessor-version":[{"id":403,"href":"https:\/\/mdkmlawa.com\/turysta\/wp-json\/wp\/v2\/pages\/79\/revisions\/403"}],"up":[{"embeddable":true,"href":"https:\/\/mdkmlawa.com\/turysta\/wp-json\/wp\/v2\/pages\/63"}],"wp:attachment":[{"href":"https:\/\/mdkmlawa.com\/turysta\/wp-json\/wp\/v2\/media?parent=79"}],"curies":[{"name":"wp","href":"https:\/\/api.w.org\/{rel}","templated":true}]}}