{"id":229,"date":"2021-02-16T13:20:53","date_gmt":"2021-02-16T12:20:53","guid":{"rendered":"https:\/\/mdkmlawa.com\/turysta\/?page_id=229"},"modified":"2021-02-16T13:54:25","modified_gmt":"2021-02-16T12:54:25","slug":"mlawskie-slodkosci","status":"publish","type":"page","link":"https:\/\/mdkmlawa.com\/turysta\/atrakcje\/mlawskie-slodkosci\/","title":{"rendered":"M\u0142awskie s\u0142odko\u015bci"},"content":{"rendered":"<style>.wp-block-kadence-advancedheading.kt-adv-heading_83b5c9-d6, .wp-block-kadence-advancedheading.kt-adv-heading_83b5c9-d6[data-kb-block=\"kb-adv-heading_83b5c9-d6\"]{text-align:center;font-style:normal;}.wp-block-kadence-advancedheading.kt-adv-heading_83b5c9-d6 mark.kt-highlight, .wp-block-kadence-advancedheading.kt-adv-heading_83b5c9-d6[data-kb-block=\"kb-adv-heading_83b5c9-d6\"] mark.kt-highlight{font-style:normal;color:#f76a0c;-webkit-box-decoration-break:clone;box-decoration-break:clone;padding-top:0px;padding-right:0px;padding-bottom:0px;padding-left:0px;}<\/style>\n<h2 class=\"kt-adv-heading_83b5c9-d6 wp-block-kadence-advancedheading\" data-kb-block=\"kb-adv-heading_83b5c9-d6\">\u201eS\u0142odka Mu\u0142awa\u201d i \u201eWojcieszki\u201d<\/h2>\n\n\n<style>.wp-block-kadence-advancedheading.kt-adv-heading_e6fee0-11, .wp-block-kadence-advancedheading.kt-adv-heading_e6fee0-11[data-kb-block=\"kb-adv-heading_e6fee0-11\"]{text-align:center;font-style:normal;}.wp-block-kadence-advancedheading.kt-adv-heading_e6fee0-11 mark.kt-highlight, .wp-block-kadence-advancedheading.kt-adv-heading_e6fee0-11[data-kb-block=\"kb-adv-heading_e6fee0-11\"] mark.kt-highlight{font-style:normal;color:#f76a0c;-webkit-box-decoration-break:clone;box-decoration-break:clone;padding-top:0px;padding-right:0px;padding-bottom:0px;padding-left:0px;}<\/style>\n<h3 class=\"kt-adv-heading_e6fee0-11 wp-block-kadence-advancedheading\" data-kb-block=\"kb-adv-heading_e6fee0-11\"><em>POLSKI SMAK \u2013 M\u0141AWSKA RECEPTURA<\/em><\/h3>\n\n\n\n<p><strong>Specja\u0142y wypiekane z nale\u017cnym rozg\u0142osem i jawno\u015bci\u0105, by M\u0142aw\u0119 w \u015bwiecie chwali\u0107 i smakiem wybornym o bytno\u015bci szlachetnej miasta napomina\u0107.<\/strong><\/p>\n\n\n\n<p>Od 2014 r. desery te, zdobi\u0105 m\u0142awskie sto\u0142y i spe\u0142niaj\u0105 gusta najbardziej wymagaj\u0105cych smakoszy. \u201eS\u0142odka M\u0142awa\u201d i \u201eWojcieszki\u201d to wypieki skomponowane ze sk\u0142adnik\u00f3w najwy\u017cszej jako\u015bci, kusz\u0105ce wygl\u0105dem i skrywan\u0105 przez cukiernik\u00f3w receptur\u0105. Niejeden, odwiedzaj\u0105cy miasto podr\u00f3\u017cny mia\u0142 okazj\u0119 pozna\u0107 syc\u0105c\u0105 rado\u015b\u0107 podniebienia po zakosztowaniu \u201eS\u0142odkiej Mu\u0142awy\u201d oraz lekko\u015b\u0107 \u201eWojcieszka\u201d przygotowanego na bazie naturalnych produkt\u00f3w, prosto z mazowieckiej wsi. Te certyfikowane s\u0142odko\u015bci, bez kt\u00f3rych my \u2013 m\u0142awianie nie wyobra\u017camy sobie imienin, jubileuszy i przyj\u0119\u0107 wydawanych z okazji przyjazdu bliskich, zachwycaj\u0105 s\u0142odycz\u0105 zamkni\u0119t\u0105 w czekoladowej nucie oraz chrupko\u015bci\u0105 s\u0142onecznika sk\u0105panego w s\u0142o\u0144cu polskiej ziemi. Przynajmniej kilka razy w roku przemierzaj\u0105 dalekie drogi, by dotrze\u0107 do ludzi, kt\u00f3rzy us\u0142yszeli o ich oryginalno\u015bci, staj\u0105c si\u0119 jednocze\u015bnie pyszn\u0105 alternatyw\u0105 dla murzynka czy tradycyjnie przygotowywanych zbo\u017cowych ciasteczek. Jednako, nie powstydzi\u0142by si\u0119 ich wroc\u0142awianin, krakus czy pary\u017canin, albowiem doczeka\u0142y si\u0119 nie tylko rozg\u0142osu, ale r\u00f3wnie\u017c miana specja\u0142u, b\u0119d\u0105cego znakiem jako\u015bci miejskiej szko\u0142y cukiernictwa.<\/p>\n\n\n<style>.wp-block-kadence-spacer.kt-block-spacer-_d8834a-b1 .kt-block-spacer{height:60px;}.wp-block-kadence-spacer.kt-block-spacer-_d8834a-b1 .kt-divider-stripe{height:1px;width:80%;}<\/style>\n<div class=\"wp-block-kadence-spacer aligncenter kt-block-spacer-_d8834a-b1\"><div class=\"kt-block-spacer kt-block-spacer-halign-center\" style=\"height:60px\"><span class=\"kt-divider-stripe\" style=\"height:10px;width:80%\"><svg xmlns=\"http:\/\/www.w3.org\/2000\/svg\" width=\"100%\" height=\"100%\" class=\"kb-pattern-svg-divider kb-stripes-svg\"><defs><pattern id=\"pat_d8834a-b1\" width=\"7\" height=\"7\" patterntransform=\"rotate(40)\" patternunits=\"userSpaceOnUse\"><line x1=\"0\" y=\"0\" x2=\"0\" y2=\"7\" stroke=\"#eee\" stroke-width=\"4\"><\/line><\/pattern><\/defs><rect width=\"100%\" height=\"100%\" fill=\"url(#pat_d8834a-b1)\" opacity=\"1\"><\/rect><\/svg><\/span><\/div><\/div>\n\n\n<style>.wp-block-kadence-column.kb-section-dir-horizontal > .kt-inside-inner-col > #kt-info-box_09c9c9-80 .kt-blocks-info-box-link-wrap{max-width:unset;}#kt-info-box_09c9c9-80 .kt-blocks-info-box-link-wrap{border-radius:10px;border-top-width:0px;border-right-width:0px;border-bottom-width:0px;border-left-width:0px;background:var(--global-palette9, #ffffff);padding-top:30px;padding-right:30px;padding-bottom:30px;padding-left:30px;}#kt-info-box_09c9c9-80 .kt-blocks-info-box-link-wrap:hover{background:var(--global-palette9, #ffffff);}#kt-info-box_09c9c9-80.wp-block-kadence-infobox{max-width:100%;}#kt-info-box_09c9c9-80 .kadence-info-box-image-inner-intrisic-container{max-width:700px;}#kt-info-box_09c9c9-80 .kadence-info-box-image-inner-intrisic-container .kadence-info-box-image-intrisic{padding-bottom:47%;width:300px;height:0px;max-width:100%;}#kt-info-box_09c9c9-80 .kadence-info-box-icon-container .kt-info-svg-icon, #kt-info-box_09c9c9-80 .kt-info-svg-icon-flip, #kt-info-box_09c9c9-80 .kt-blocks-info-box-number{font-size:40px;}#kt-info-box_09c9c9-80 .kt-blocks-info-box-media{color:#ffffff;background:var(--global-palette1, #3182CE);border-color:#444444;border-radius:100px;border-top-width:0px;border-right-width:0px;border-bottom-width:0px;border-left-width:0px;padding-top:15px;padding-right:15px;padding-bottom:15px;padding-left:15px;}#kt-info-box_09c9c9-80 .kt-blocks-info-box-media-container{margin-top:0px;margin-right:0px;margin-bottom:20px;margin-left:0px;}#kt-info-box_09c9c9-80 .kt-blocks-info-box-media .kadence-info-box-image-intrisic img{border-radius:100px;}#kt-info-box_09c9c9-80 .kt-blocks-info-box-link-wrap:hover .kt-blocks-info-box-media{color:#ffffff;background:var(--global-palette1, #3182CE);border-color:#444444;}#kt-info-box_09c9c9-80 .kt-infobox-textcontent h2.kt-blocks-info-box-title{color:var(--global-palette3, #1A202C);font-size:24px;font-style:normal;font-weight:normal;padding-top:0px;padding-right:0px;padding-bottom:0px;padding-left:0px;margin-top:5px;margin-right:0px;margin-bottom:10px;margin-left:0px;}#kt-info-box_09c9c9-80 .kt-blocks-info-box-link-wrap:hover h2.kt-blocks-info-box-title{color:var(--global-palette3, #1A202C);}#kt-info-box_09c9c9-80 .kt-infobox-textcontent .kt-blocks-info-box-text{color:var(--global-palette5, #4A5568);}.wp-block-kadence-infobox#kt-info-box_09c9c9-80 .kt-blocks-info-box-text{font-size:16px;font-style:normal;font-weight:normal;}#kt-info-box_09c9c9-80 .kt-blocks-info-box-link-wrap:hover .kt-blocks-info-box-text{color:var(--global-palette5, #4A5568);}#kt-info-box_09c9c9-80 .kt-blocks-info-box-learnmore{background:transparent;border-color:var(--global-palette3, #1A202C);font-weight:400;border-width:1px 0px 0px 0px;padding-top:4px;padding-right:20px;padding-bottom:4px;padding-left:20px;margin-top:10px;margin-right:0px;margin-bottom:10px;margin-left:0px;}#kt-info-box_09c9c9-80 .kt-blocks-info-box-link-wrap:hover .kt-blocks-info-box-learnmore,#kt-info-box_09c9c9-80 .kt-blocks-info-box-link-wrap .kt-blocks-info-box-learnmore:focus{color:var(--global-palette3, #1A202C);background:var(--global-palette7, #EDF2F7);border-color:var(--global-palette1, #3182CE);}#kt-info-box_09c9c9-80 .kt-blocks-info-box-link-wrap{box-shadow:0px 0px 30px 0px rgba(0, 0, 0, 0.03);}#kt-info-box_09c9c9-80 .kt-blocks-info-box-link-wrap:hover{box-shadow:0px 0px 40px 0px rgba(0, 0, 0, 0.07);}@media all and (max-width: 1024px){#kt-info-box_09c9c9-80 .kt-blocks-info-box-link-wrap{box-shadow:0px 0px 30px 0px rgba(0, 0, 0, 0.03);}}@media all and (max-width: 1024px){#kt-info-box_09c9c9-80 .kt-blocks-info-box-link-wrap:hover{box-shadow:0px 0px 40px 0px rgba(0, 0, 0, 0.07);}}@media all and (max-width: 767px){#kt-info-box_09c9c9-80 .kt-blocks-info-box-link-wrap{box-shadow:0px 0px 30px 0px rgba(0, 0, 0, 0.03);}#kt-info-box_09c9c9-80 .kt-blocks-info-box-link-wrap:hover{box-shadow:0px 0px 40px 0px rgba(0, 0, 0, 0.07);}}<\/style>\n<div id=\"kt-info-box_09c9c9-80\" class=\"wp-block-kadence-infobox\"><a class=\"kt-blocks-info-box-link-wrap info-box-link kt-blocks-info-box-media-align-top kt-info-halign-center\" href=\"\"><div class=\"kt-blocks-info-box-media-container\"><div class=\"kt-blocks-info-box-media kt-info-media-animate-none\"><div class=\"kadence-info-box-image-inner-intrisic-container\" style=\"max-width:700px\"><div class=\"kadence-info-box-image-intrisic kt-info-animate-none\" style=\"padding-bottom:47%;height:0;width:300px;max-width:100%\"><div class=\"kadence-info-box-image-inner-intrisic\"><img loading=\"lazy\" decoding=\"async\" src=\"https:\/\/mdkmlawa.com\/turysta\/wp-content\/uploads\/sites\/4\/2021\/02\/slodkamulawa-300x141.png\" alt=\"\" width=\"300\" height=\"141\" class=\"kt-info-box-image wp-image-230 \" srcset=\"https:\/\/mdkmlawa.com\/turysta\/wp-content\/uploads\/sites\/4\/2021\/02\/slodkamulawa-300x141.png 300w, https:\/\/mdkmlawa.com\/turysta\/wp-content\/uploads\/sites\/4\/2021\/02\/slodkamulawa.png 700w\" sizes=\"auto, (max-width: 300px) 100vw, 300px\" \/><\/div><\/div><\/div><\/div><\/div><div class=\"kt-infobox-textcontent\"><h2 class=\"kt-blocks-info-box-title\">\u201eS\u0142odka Mu\u0142awa\u201d<\/h2><p class=\"kt-blocks-info-box-text\">Torcik zacnie wypieczony \u2013 jest uczt\u0105 dla dwojga<br\/>Podziel si\u0119 z kim\u015b ukochanym, s\u0142odycz\u0105 przyci\u0105gaj!<br\/>Mi\u0119kki biszkopt waniliowy \u2013 jak jej jasne w\u0142osy<br\/>Czekolady spora gar\u015b\u0107 \u2013 jak jej piwne oczy<br\/>Aksamitny w \u015brodku krem, jak jej imi\u0119 s\u0142awne<br\/>S\u0142odka Mu\u0142awa \u2013 ciastko z dusz\u0105 \u2013 tylko w naszej M\u0142awie<\/p><\/div><\/a><\/div>\n\n\n<style>.wp-block-kadence-column.kb-section-dir-horizontal > .kt-inside-inner-col > #kt-info-box_ff7134-f0 .kt-blocks-info-box-link-wrap{max-width:unset;}#kt-info-box_ff7134-f0 .kt-blocks-info-box-link-wrap{border-radius:10px;border-top-width:0px;border-right-width:0px;border-bottom-width:0px;border-left-width:0px;background:var(--global-palette9, #ffffff);padding-top:30px;padding-right:30px;padding-bottom:30px;padding-left:30px;}#kt-info-box_ff7134-f0 .kt-blocks-info-box-link-wrap:hover{background:var(--global-palette9, #ffffff);}#kt-info-box_ff7134-f0.wp-block-kadence-infobox{max-width:100%;}#kt-info-box_ff7134-f0 .kadence-info-box-image-inner-intrisic-container{max-width:700px;}#kt-info-box_ff7134-f0 .kadence-info-box-image-inner-intrisic-container .kadence-info-box-image-intrisic{padding-bottom:47%;width:300px;height:0px;max-width:100%;}#kt-info-box_ff7134-f0 .kadence-info-box-icon-container .kt-info-svg-icon, #kt-info-box_ff7134-f0 .kt-info-svg-icon-flip, #kt-info-box_ff7134-f0 .kt-blocks-info-box-number{font-size:40px;}#kt-info-box_ff7134-f0 .kt-blocks-info-box-media{color:#ffffff;background:var(--global-palette1, #3182CE);border-color:#444444;border-radius:100px;border-top-width:0px;border-right-width:0px;border-bottom-width:0px;border-left-width:0px;padding-top:15px;padding-right:15px;padding-bottom:15px;padding-left:15px;}#kt-info-box_ff7134-f0 .kt-blocks-info-box-media-container{margin-top:0px;margin-right:0px;margin-bottom:20px;margin-left:0px;}#kt-info-box_ff7134-f0 .kt-blocks-info-box-media .kadence-info-box-image-intrisic img{border-radius:100px;}#kt-info-box_ff7134-f0 .kt-blocks-info-box-link-wrap:hover .kt-blocks-info-box-media{color:#ffffff;background:var(--global-palette1, #3182CE);border-color:#444444;}#kt-info-box_ff7134-f0 .kt-infobox-textcontent h2.kt-blocks-info-box-title{color:var(--global-palette3, #1A202C);font-size:24px;font-style:normal;font-weight:normal;padding-top:0px;padding-right:0px;padding-bottom:0px;padding-left:0px;margin-top:5px;margin-right:0px;margin-bottom:10px;margin-left:0px;}#kt-info-box_ff7134-f0 .kt-blocks-info-box-link-wrap:hover h2.kt-blocks-info-box-title{color:var(--global-palette3, #1A202C);}#kt-info-box_ff7134-f0 .kt-infobox-textcontent .kt-blocks-info-box-text{color:var(--global-palette5, #4A5568);}.wp-block-kadence-infobox#kt-info-box_ff7134-f0 .kt-blocks-info-box-text{font-size:16px;font-style:normal;font-weight:normal;}#kt-info-box_ff7134-f0 .kt-blocks-info-box-link-wrap:hover .kt-blocks-info-box-text{color:var(--global-palette5, #4A5568);}#kt-info-box_ff7134-f0 .kt-blocks-info-box-learnmore{background:transparent;border-color:var(--global-palette3, #1A202C);font-weight:400;border-width:1px 0px 0px 0px;padding-top:4px;padding-right:20px;padding-bottom:4px;padding-left:20px;margin-top:10px;margin-right:0px;margin-bottom:10px;margin-left:0px;}#kt-info-box_ff7134-f0 .kt-blocks-info-box-link-wrap:hover .kt-blocks-info-box-learnmore,#kt-info-box_ff7134-f0 .kt-blocks-info-box-link-wrap .kt-blocks-info-box-learnmore:focus{color:var(--global-palette3, #1A202C);background:var(--global-palette7, #EDF2F7);border-color:var(--global-palette1, #3182CE);}#kt-info-box_ff7134-f0 .kt-blocks-info-box-link-wrap{box-shadow:0px 0px 30px 0px rgba(0, 0, 0, 0.03);}#kt-info-box_ff7134-f0 .kt-blocks-info-box-link-wrap:hover{box-shadow:0px 0px 40px 0px rgba(0, 0, 0, 0.07);}@media all and (max-width: 1024px){#kt-info-box_ff7134-f0 .kt-blocks-info-box-link-wrap{box-shadow:0px 0px 30px 0px rgba(0, 0, 0, 0.03);}}@media all and (max-width: 1024px){#kt-info-box_ff7134-f0 .kt-blocks-info-box-link-wrap:hover{box-shadow:0px 0px 40px 0px rgba(0, 0, 0, 0.07);}}@media all and (max-width: 767px){#kt-info-box_ff7134-f0 .kt-blocks-info-box-link-wrap{box-shadow:0px 0px 30px 0px rgba(0, 0, 0, 0.03);}#kt-info-box_ff7134-f0 .kt-blocks-info-box-link-wrap:hover{box-shadow:0px 0px 40px 0px rgba(0, 0, 0, 0.07);}}<\/style>\n<div id=\"kt-info-box_ff7134-f0\" class=\"wp-block-kadence-infobox\"><a class=\"kt-blocks-info-box-link-wrap info-box-link kt-blocks-info-box-media-align-top kt-info-halign-center\" href=\"\"><div class=\"kt-blocks-info-box-media-container\"><div class=\"kt-blocks-info-box-media kt-info-media-animate-none\"><div class=\"kadence-info-box-image-inner-intrisic-container\" style=\"max-width:700px\"><div class=\"kadence-info-box-image-intrisic kt-info-animate-none\" style=\"padding-bottom:47%;height:0;width:300px;max-width:100%\"><div class=\"kadence-info-box-image-inner-intrisic\"><img loading=\"lazy\" decoding=\"async\" src=\"https:\/\/mdkmlawa.com\/turysta\/wp-content\/uploads\/sites\/4\/2021\/02\/wojcieszek-300x141.png\" alt=\"\" width=\"300\" height=\"141\" class=\"kt-info-box-image wp-image-231 \" srcset=\"https:\/\/mdkmlawa.com\/turysta\/wp-content\/uploads\/sites\/4\/2021\/02\/wojcieszek-300x141.png 300w, https:\/\/mdkmlawa.com\/turysta\/wp-content\/uploads\/sites\/4\/2021\/02\/wojcieszek.png 700w\" sizes=\"auto, (max-width: 300px) 100vw, 300px\" \/><\/div><\/div><\/div><\/div><\/div><div class=\"kt-infobox-textcontent\"><h2 class=\"kt-blocks-info-box-title\">\u201eWojcieszki\u201d<\/h2><p class=\"kt-blocks-info-box-text\">a Mazowszu, na p\u00f3\u0142nocy \u2013 miasto \u017cyje wyj\u0105tkowe<br\/>\u015awi\u0119ty Wojciech mu patronem, a tradycja w nim symbolem<br\/>Gdy si\u0119 tutaj raz pojawisz \u2013 serce w nim zatracisz<br\/>Zapami\u0119taj miasto s\u0142odko, a drog\u0119 oznaczysz<br\/>Wojcieszkami pami\u0119\u0107 M\u0142awy obud\u017a i nie zwlekaj<br\/>Wr\u00f3\u0107 do M\u0142awy serca szlakiem \u2013 serce Twoje czeka<\/p><\/div><\/a><\/div>\n\n\n\n<p>Tradycj\u0119 nasz\u0105 godzi si\u0119 umacnia\u0107 i utwierdza\u0107 dokumentami, \u015bwiadkami i rozg\u0142osem, co niniejszym czynimy, a m\u0142awian wszystkich \u2013 mieszczan i mieszczki \u2013 obecnych i przysz\u0142ych uprasza si\u0119, by nasz wypiek od zapomnienia chronili, receptury nie wzruszali i zast\u0119pstw nie uznawali.<\/p>\n","protected":false},"excerpt":{"rendered":"<p>\u201eS\u0142odka Mu\u0142awa\u201d i \u201eWojcieszki\u201d POLSKI SMAK \u2013 M\u0141AWSKA RECEPTURA Specja\u0142y wypiekane z nale\u017cnym rozg\u0142osem i jawno\u015bci\u0105, by M\u0142aw\u0119 w \u015bwiecie chwali\u0107 i smakiem wybornym o bytno\u015bci szlachetnej miasta napomina\u0107. Od&#8230;<\/p>\n","protected":false},"author":1,"featured_media":230,"parent":197,"menu_order":0,"comment_status":"closed","ping_status":"closed","template":"","meta":{"_acf_changed":false,"_kad_blocks_custom_css":"","_kad_blocks_head_custom_js":"","_kad_blocks_body_custom_js":"","_kad_blocks_footer_custom_js":"","_kad_post_transparent":"","_kad_post_title":"","_kad_post_layout":"","_kad_post_sidebar_id":"","_kad_post_content_style":"","_kad_post_vertical_padding":"","_kad_post_feature":"","_kad_post_feature_position":"","_kad_post_header":false,"_kad_post_footer":false,"_kad_post_classname":"","footnotes":""},"class_list":["post-229","page","type-page","status-publish","has-post-thumbnail","hentry"],"acf":[],"featured_image_src_large":["https:\/\/mdkmlawa.com\/turysta\/wp-content\/uploads\/sites\/4\/2021\/02\/slodkamulawa.png",700,328,false],"author_info":{"display_name":"efactory_tsz","author_link":"https:\/\/mdkmlawa.com\/turysta\/author\/efactory_tsz\/"},"comment_info":0,"taxonomy_info":[],"_links":{"self":[{"href":"https:\/\/mdkmlawa.com\/turysta\/wp-json\/wp\/v2\/pages\/229","targetHints":{"allow":["GET"]}}],"collection":[{"href":"https:\/\/mdkmlawa.com\/turysta\/wp-json\/wp\/v2\/pages"}],"about":[{"href":"https:\/\/mdkmlawa.com\/turysta\/wp-json\/wp\/v2\/types\/page"}],"author":[{"embeddable":true,"href":"https:\/\/mdkmlawa.com\/turysta\/wp-json\/wp\/v2\/users\/1"}],"replies":[{"embeddable":true,"href":"https:\/\/mdkmlawa.com\/turysta\/wp-json\/wp\/v2\/comments?post=229"}],"version-history":[{"count":3,"href":"https:\/\/mdkmlawa.com\/turysta\/wp-json\/wp\/v2\/pages\/229\/revisions"}],"predecessor-version":[{"id":275,"href":"https:\/\/mdkmlawa.com\/turysta\/wp-json\/wp\/v2\/pages\/229\/revisions\/275"}],"up":[{"embeddable":true,"href":"https:\/\/mdkmlawa.com\/turysta\/wp-json\/wp\/v2\/pages\/197"}],"wp:featuredmedia":[{"embeddable":true,"href":"https:\/\/mdkmlawa.com\/turysta\/wp-json\/wp\/v2\/media\/230"}],"wp:attachment":[{"href":"https:\/\/mdkmlawa.com\/turysta\/wp-json\/wp\/v2\/media?parent=229"}],"curies":[{"name":"wp","href":"https:\/\/api.w.org\/{rel}","templated":true}]}}