{"id":225,"date":"2021-02-16T13:12:31","date_gmt":"2021-02-16T12:12:31","guid":{"rendered":"https:\/\/mdkmlawa.com\/turysta\/?page_id=225"},"modified":"2021-02-16T13:12:32","modified_gmt":"2021-02-16T12:12:32","slug":"rekreacja","status":"publish","type":"page","link":"https:\/\/mdkmlawa.com\/turysta\/atrakcje\/rekreacja\/","title":{"rendered":"Rekreacja"},"content":{"rendered":"<style>.kb-table-of-content-nav.kb-table-of-content-id_b47fce-86 .kb-table-of-content-wrap{padding-top:var(--global-kb-spacing-sm, 1.5rem);padding-right:var(--global-kb-spacing-sm, 1.5rem);padding-bottom:var(--global-kb-spacing-sm, 1.5rem);padding-left:var(--global-kb-spacing-sm, 1.5rem);background-color:var(--global-palette7, #EDF2F7);}.kb-table-of-content-nav.kb-table-of-content-id_b47fce-86 .kb-table-of-contents-title-wrap{padding-top:0px;padding-right:0px;padding-bottom:0px;padding-left:0px;}.kb-table-of-content-nav.kb-table-of-content-id_b47fce-86 .kb-table-of-contents-title{font-weight:regular;font-style:normal;}.kb-table-of-content-nav.kb-table-of-content-id_b47fce-86 .kb-table-of-content-wrap .kb-table-of-content-list{font-weight:regular;font-style:normal;margin-top:var(--global-kb-spacing-sm, 1.5rem);margin-right:0px;margin-bottom:0px;margin-left:0px;}.kb-table-of-content-nav.kb-table-of-content-id_b47fce-86 .kb-toggle-icon-style-basiccircle .kb-table-of-contents-icon-trigger:after, .kb-table-of-content-nav.kb-table-of-content-id_b47fce-86 .kb-toggle-icon-style-basiccircle .kb-table-of-contents-icon-trigger:before, .kb-table-of-content-nav.kb-table-of-content-id_b47fce-86 .kb-toggle-icon-style-arrowcircle .kb-table-of-contents-icon-trigger:after, .kb-table-of-content-nav.kb-table-of-content-id_b47fce-86 .kb-toggle-icon-style-arrowcircle .kb-table-of-contents-icon-trigger:before, .kb-table-of-content-nav.kb-table-of-content-id_b47fce-86 .kb-toggle-icon-style-xclosecircle .kb-table-of-contents-icon-trigger:after, .kb-table-of-content-nav.kb-table-of-content-id_b47fce-86 .kb-toggle-icon-style-xclosecircle .kb-table-of-contents-icon-trigger:before{background-color:var(--global-palette7, #EDF2F7);}<\/style>\n\n<style>.wp-block-kadence-spacer.kt-block-spacer-_3928cd-8b .kt-block-spacer{height:60px;}.wp-block-kadence-spacer.kt-block-spacer-_3928cd-8b .kt-divider-stripe{height:1px;width:80%;}<\/style>\n<div class=\"wp-block-kadence-spacer aligncenter kt-block-spacer-_3928cd-8b\"><div class=\"kt-block-spacer kt-block-spacer-halign-center\" style=\"height:60px\"><span class=\"kt-divider-stripe\" style=\"height:10px;width:80%\"><svg xmlns=\"http:\/\/www.w3.org\/2000\/svg\" width=\"100%\" height=\"100%\" class=\"kb-pattern-svg-divider kb-stripes-svg\"><defs><pattern id=\"pat_3928cd-8b\" width=\"7\" height=\"7\" patterntransform=\"rotate(40)\" patternunits=\"userSpaceOnUse\"><line x1=\"0\" y=\"0\" x2=\"0\" y2=\"7\" stroke=\"#eee\" stroke-width=\"4\"><\/line><\/pattern><\/defs><rect width=\"100%\" height=\"100%\" fill=\"url(#pat_3928cd-8b)\" opacity=\"1\"><\/rect><\/svg><\/span><\/div><\/div>\n\n\n<style>#kt-layout-id_6b6af2-13 > .kt-row-column-wrap{align-content:start;}:where(#kt-layout-id_6b6af2-13 > .kt-row-column-wrap) > .wp-block-kadence-column{justify-content:start;}#kt-layout-id_6b6af2-13 > .kt-row-column-wrap{column-gap:var(--global-kb-gap-md, 2rem);row-gap:var(--global-kb-gap-md, 2rem);padding-top:var( --global-kb-row-default-top, 25px );padding-bottom:var( --global-kb-row-default-bottom, 25px );padding-top:var(--global-kb-spacing-sm, 1.5rem);padding-bottom:var(--global-kb-spacing-sm, 1.5rem);grid-template-columns:minmax(0, 1fr);}#kt-layout-id_6b6af2-13 > .kt-row-layout-overlay{opacity:0.30;}@media all and (max-width: 1024px){#kt-layout-id_6b6af2-13 > .kt-row-column-wrap{grid-template-columns:minmax(0, 1fr);}}@media all and (max-width: 767px){#kt-layout-id_6b6af2-13 > .kt-row-column-wrap{grid-template-columns:minmax(0, 1fr);}}<\/style>\n<div class=\"wp-block-kadence-rowlayout alignnone\"><div id=\"kt-layout-id_6b6af2-13\" class=\"kt-row-layout-inner kt-layout-id_6b6af2-13\"><div class=\"kt-row-column-wrap kt-has-1-columns kt-gutter-default kt-v-gutter-default kt-row-valign-top kt-row-layout-equal kt-tab-layout-inherit kt-m-colapse-left-to-right kt-mobile-layout-row\"><style>.kadence-column_525941-1d > .kt-inside-inner-col{border-top-width:0px;border-right-width:0px;border-bottom-width:0px;border-left-width:0px;}.kadence-column_525941-1d > .kt-inside-inner-col,.kadence-column_525941-1d > .kt-inside-inner-col:before{border-top-left-radius:0px;border-top-right-radius:0px;border-bottom-right-radius:0px;border-bottom-left-radius:0px;}.kadence-column_525941-1d > .kt-inside-inner-col{column-gap:var(--global-kb-gap-sm, 1rem);}.kadence-column_525941-1d > .kt-inside-inner-col{flex-direction:column;}.kadence-column_525941-1d > .kt-inside-inner-col > .aligncenter{width:100%;}.kadence-column_525941-1d > .kt-inside-inner-col:before{opacity:0.3;}.kadence-column_525941-1d{position:relative;}@media all and (max-width: 1024px){.kadence-column_525941-1d > .kt-inside-inner-col{flex-direction:column;}}@media all and (max-width: 767px){.kadence-column_525941-1d > .kt-inside-inner-col{flex-direction:column;}}<\/style>\n<div class=\"wp-block-kadence-column inner-column-1 kadence-column_525941-1d\"><div class=\"kt-inside-inner-col\"><style>.wp-block-kadence-advancedheading.kt-adv-heading_d59861-42, .wp-block-kadence-advancedheading.kt-adv-heading_d59861-42[data-kb-block=\"kb-adv-heading_d59861-42\"]{font-style:normal;}.wp-block-kadence-advancedheading.kt-adv-heading_d59861-42 mark.kt-highlight, .wp-block-kadence-advancedheading.kt-adv-heading_d59861-42[data-kb-block=\"kb-adv-heading_d59861-42\"] mark.kt-highlight{font-style:normal;color:#f76a0c;-webkit-box-decoration-break:clone;box-decoration-break:clone;padding-top:0px;padding-right:0px;padding-bottom:0px;padding-left:0px;}<\/style>\n<h2 class=\"kt-adv-heading_d59861-42 wp-block-kadence-advancedheading\" data-kb-block=\"kb-adv-heading_d59861-42\"><strong>K\u0105pielisko Zalew Ruda<\/strong><\/h2>\n\n\n\n<figure class=\"wp-block-image size-large is-style-default\"><img loading=\"lazy\" decoding=\"async\" width=\"1024\" height=\"712\" src=\"https:\/\/mdkmlawa.com\/turysta\/wp-content\/uploads\/sites\/4\/2021\/02\/zalew-ruda-1024x712.jpg\" alt=\"\" class=\"wp-image-226\" srcset=\"https:\/\/mdkmlawa.com\/turysta\/wp-content\/uploads\/sites\/4\/2021\/02\/zalew-ruda-1024x712.jpg 1024w, https:\/\/mdkmlawa.com\/turysta\/wp-content\/uploads\/sites\/4\/2021\/02\/zalew-ruda-300x208.jpg 300w, https:\/\/mdkmlawa.com\/turysta\/wp-content\/uploads\/sites\/4\/2021\/02\/zalew-ruda-768x534.jpg 768w, https:\/\/mdkmlawa.com\/turysta\/wp-content\/uploads\/sites\/4\/2021\/02\/zalew-ruda-1536x1067.jpg 1536w, https:\/\/mdkmlawa.com\/turysta\/wp-content\/uploads\/sites\/4\/2021\/02\/zalew-ruda.jpg 1554w\" sizes=\"auto, (max-width: 1024px) 100vw, 1024px\" \/><\/figure>\n\n\n<style>.wp-block-kadence-advancedheading.kt-adv-heading_c81cd0-0c, .wp-block-kadence-advancedheading.kt-adv-heading_c81cd0-0c[data-kb-block=\"kb-adv-heading_c81cd0-0c\"]{font-style:normal;}.wp-block-kadence-advancedheading.kt-adv-heading_c81cd0-0c mark.kt-highlight, .wp-block-kadence-advancedheading.kt-adv-heading_c81cd0-0c[data-kb-block=\"kb-adv-heading_c81cd0-0c\"] mark.kt-highlight{font-style:normal;color:#f76a0c;-webkit-box-decoration-break:clone;box-decoration-break:clone;padding-top:0px;padding-right:0px;padding-bottom:0px;padding-left:0px;}<\/style>\n<p class=\"kt-adv-heading_c81cd0-0c wp-block-kadence-advancedheading\" data-kb-block=\"kb-adv-heading_c81cd0-0c\">Miejski O\u015brodek Sportu i Rekreacji w M\u0142awie jest zarz\u0105dc\u0105 k\u0105pieliska nad Zalewem Ruda, kt\u00f3re w okresie wakacji jest strze\u017cone. Znajduj\u0105 si\u0119 tutaj tak\u017ce: dwa boiska do pla\u017cowej pi\u0142ki siatkowej, wypo\u017cyczalnia sprz\u0119tu sportowego oraz wypo\u017cyczalnia sprz\u0119tu wodnego. Zalew usytuowany jest w obr\u0119bie Zielu\u0144sko\u00acRz\u0119gnowskiego Obszaru Krajobrazu Chronionego. Powsta\u0142 w 1976 r. w wyniku spi\u0119trzenia w\u00f3d g\u00f3rnego biegu M\u0142awki, na 30,2 km rzeki. Jego budowa rozpocz\u0119\u0142a si\u0119 1971 r., dzi\u0119ki staraniom Towarzystwa Przyjaci\u00f3\u0142 Ziemi M\u0142awskiej, miejscowych w\u0142adz i wielu mieszka\u0144c\u00f3w miasta. Teren na kt\u00f3rym zlokalizowano budow\u0119 zbiornika, jest nieck\u0105 zewsz\u0105d otoczon\u0105 wzniesieniami poros\u0142ymi lasem. Z tego te\u017c wzgl\u0119du teren ten by\u0142 wybitnie sprzyjaj\u0105cy do budowy zbiornika wodnego. Zalew Ruda zosta\u0142 wybudowany, jako zbiornik retencyjny, przeznaczony do magazynowania wody rzeki M\u0142awki dla potrzeb nawadniania u\u017cytk\u00f3w rolnych w dolinie rzeki poni\u017cej zbiornika. Nigdy jednak nie spe\u0142nia\u0142 tej roli. Za to zbiornik o powierzchni 36 ha, pi\u0119knie po\u0142o\u017cony (w dolinie M\u0142awki) mi\u0119dzy lasami &#8211; szybko sta\u0142 si\u0119 miejscem letniego wypoczynku i rajem dla w\u0119dkarzy. Miejski O\u015brodek Sportu i Rekreacji w M\u0142awie urz\u0105dzi\u0142 w nim strze\u017cone k\u0105pielisko z drewnianymi pomostami (kt\u00f3ry w ostatnich latach zosta\u0142 odnowiony), a na brzegu &#8211; pla\u017c\u0119, plac zabaw dla dzieci, wypo\u017cyczalni\u0119 sprz\u0119tu wodnego.<\/p>\n<\/div><\/div>\n<\/div><\/div><\/div>\n\n\n<style>#kt-layout-id_e7bb4c-96 > .kt-row-column-wrap{align-content:start;}:where(#kt-layout-id_e7bb4c-96 > .kt-row-column-wrap) > .wp-block-kadence-column{justify-content:start;}#kt-layout-id_e7bb4c-96 > .kt-row-column-wrap{column-gap:var(--global-kb-gap-md, 2rem);row-gap:var(--global-kb-gap-md, 2rem);padding-top:var( --global-kb-row-default-top, 25px );padding-bottom:var( --global-kb-row-default-bottom, 25px );padding-top:var(--global-kb-spacing-sm, 1.5rem);padding-bottom:var(--global-kb-spacing-sm, 1.5rem);grid-template-columns:minmax(0, 1fr);}#kt-layout-id_e7bb4c-96 > .kt-row-layout-overlay{opacity:0.30;}@media all and (max-width: 1024px){#kt-layout-id_e7bb4c-96 > .kt-row-column-wrap{grid-template-columns:minmax(0, 1fr);}}@media all and (max-width: 767px){#kt-layout-id_e7bb4c-96 > .kt-row-column-wrap{grid-template-columns:minmax(0, 1fr);}}<\/style>\n<div class=\"wp-block-kadence-rowlayout alignnone\"><div id=\"kt-layout-id_e7bb4c-96\" class=\"kt-row-layout-inner kt-layout-id_e7bb4c-96\"><div class=\"kt-row-column-wrap kt-has-1-columns kt-gutter-default kt-v-gutter-default kt-row-valign-top kt-row-layout-equal kt-tab-layout-inherit kt-m-colapse-left-to-right kt-mobile-layout-row\"><style>.kadence-column_bdd769-fd > .kt-inside-inner-col{border-top-width:0px;border-right-width:0px;border-bottom-width:0px;border-left-width:0px;}.kadence-column_bdd769-fd > .kt-inside-inner-col,.kadence-column_bdd769-fd > .kt-inside-inner-col:before{border-top-left-radius:0px;border-top-right-radius:0px;border-bottom-right-radius:0px;border-bottom-left-radius:0px;}.kadence-column_bdd769-fd > .kt-inside-inner-col{column-gap:var(--global-kb-gap-sm, 1rem);}.kadence-column_bdd769-fd > .kt-inside-inner-col{flex-direction:column;}.kadence-column_bdd769-fd > .kt-inside-inner-col > .aligncenter{width:100%;}.kadence-column_bdd769-fd > .kt-inside-inner-col:before{opacity:0.3;}.kadence-column_bdd769-fd{position:relative;}@media all and (max-width: 1024px){.kadence-column_bdd769-fd > .kt-inside-inner-col{flex-direction:column;}}@media all and (max-width: 767px){.kadence-column_bdd769-fd > .kt-inside-inner-col{flex-direction:column;}}<\/style>\n<div class=\"wp-block-kadence-column inner-column-1 kadence-column_bdd769-fd\"><div class=\"kt-inside-inner-col\"><style>.wp-block-kadence-advancedheading.kt-adv-heading_7d7844-0e, .wp-block-kadence-advancedheading.kt-adv-heading_7d7844-0e[data-kb-block=\"kb-adv-heading_7d7844-0e\"]{font-style:normal;}.wp-block-kadence-advancedheading.kt-adv-heading_7d7844-0e mark.kt-highlight, .wp-block-kadence-advancedheading.kt-adv-heading_7d7844-0e[data-kb-block=\"kb-adv-heading_7d7844-0e\"] mark.kt-highlight{font-style:normal;color:#f76a0c;-webkit-box-decoration-break:clone;box-decoration-break:clone;padding-top:0px;padding-right:0px;padding-bottom:0px;padding-left:0px;}<\/style>\n<h2 class=\"kt-adv-heading_7d7844-0e wp-block-kadence-advancedheading\" data-kb-block=\"kb-adv-heading_7d7844-0e\"><strong><strong>ul. Krajewo<\/strong><\/strong><\/h2>\n\n\n\n<figure class=\"wp-block-image size-large is-style-default\"><img loading=\"lazy\" decoding=\"async\" width=\"1024\" height=\"683\" src=\"https:\/\/mdkmlawa.com\/turysta\/wp-content\/uploads\/sites\/4\/2021\/02\/krajewo-1024x683.jpg\" alt=\"\" class=\"wp-image-227\" srcset=\"https:\/\/mdkmlawa.com\/turysta\/wp-content\/uploads\/sites\/4\/2021\/02\/krajewo-1024x683.jpg 1024w, https:\/\/mdkmlawa.com\/turysta\/wp-content\/uploads\/sites\/4\/2021\/02\/krajewo-300x200.jpg 300w, https:\/\/mdkmlawa.com\/turysta\/wp-content\/uploads\/sites\/4\/2021\/02\/krajewo-768x512.jpg 768w, https:\/\/mdkmlawa.com\/turysta\/wp-content\/uploads\/sites\/4\/2021\/02\/krajewo-1536x1024.jpg 1536w, https:\/\/mdkmlawa.com\/turysta\/wp-content\/uploads\/sites\/4\/2021\/02\/krajewo.jpg 1620w\" sizes=\"auto, (max-width: 1024px) 100vw, 1024px\" \/><\/figure>\n\n\n<style>.wp-block-kadence-advancedheading.kt-adv-heading_cb7e60-21, .wp-block-kadence-advancedheading.kt-adv-heading_cb7e60-21[data-kb-block=\"kb-adv-heading_cb7e60-21\"]{font-style:normal;}.wp-block-kadence-advancedheading.kt-adv-heading_cb7e60-21 mark.kt-highlight, .wp-block-kadence-advancedheading.kt-adv-heading_cb7e60-21[data-kb-block=\"kb-adv-heading_cb7e60-21\"] mark.kt-highlight{font-style:normal;color:#f76a0c;-webkit-box-decoration-break:clone;box-decoration-break:clone;padding-top:0px;padding-right:0px;padding-bottom:0px;padding-left:0px;}<\/style>\n<p class=\"kt-adv-heading_cb7e60-21 wp-block-kadence-advancedheading\" data-kb-block=\"kb-adv-heading_cb7e60-21\">Jedno z pi\u0119kniejszych punkt\u00f3w na mapie miasta, kt\u00f3re mo\u017ce sta\u0107 si\u0119 azylem dla spragnionych odpoczynku na \u0142onie natury. W 2004 r. wie\u015b zosta\u0142a wcielona do M\u0142awy i stanowi jedn\u0105 z jej ulic. Ta malownicza okolica, gdzie po\u015br\u00f3d las\u00f3w ukryty jest niewielki akwen wodny to miejsce urokliwe i zachwycaj\u0105ce o ka\u017cdej porze roku. Bogaty ekosystem zamieszkuj\u0105 \u0142ab\u0119dzie, dzikie kaczki oraz wiele gatunk\u00f3w ryb. Satysfakcj\u0119 z przebywania tam osi\u0105gnie zar\u00f3wno zapalony w\u0119dkarz, jak i szukaj\u0105cy wytchnienia od ulicznego gwaru podr\u00f3\u017cnik. M\u0142awianie ch\u0119tnie sp\u0119dzaj\u0105 tam wolne weekendy, organizuj\u0105 pikniki b\u0105d\u017a uprawiaj\u0105 sporty. Jest to najcz\u0119stszy kierunek wycieczek rowerowych czy pieszych wypraw. W Krajewie znajduj\u0105 si\u0119 r\u00f3wnie\u017c fortyfikacje obronne z czas\u00f3w II wojny \u015bwiatowej.<\/p>\n<\/div><\/div>\n<\/div><\/div><\/div>\n","protected":false},"excerpt":{"rendered":"<p>K\u0105pielisko Zalew Ruda Miejski O\u015brodek Sportu i Rekreacji w M\u0142awie jest zarz\u0105dc\u0105 k\u0105pieliska nad Zalewem Ruda, kt\u00f3re w okresie wakacji jest strze\u017cone. Znajduj\u0105 si\u0119 tutaj tak\u017ce: dwa boiska do pla\u017cowej&#8230;<\/p>\n","protected":false},"author":1,"featured_media":227,"parent":197,"menu_order":0,"comment_status":"closed","ping_status":"closed","template":"","meta":{"_acf_changed":false,"_kad_blocks_custom_css":"","_kad_blocks_head_custom_js":"","_kad_blocks_body_custom_js":"","_kad_blocks_footer_custom_js":"","_kad_post_transparent":"","_kad_post_title":"","_kad_post_layout":"","_kad_post_sidebar_id":"","_kad_post_content_style":"","_kad_post_vertical_padding":"","_kad_post_feature":"","_kad_post_feature_position":"","_kad_post_header":false,"_kad_post_footer":false,"_kad_post_classname":"","footnotes":""},"class_list":["post-225","page","type-page","status-publish","has-post-thumbnail","hentry"],"acf":[],"featured_image_src_large":["https:\/\/mdkmlawa.com\/turysta\/wp-content\/uploads\/sites\/4\/2021\/02\/krajewo-1024x683.jpg",1024,683,true],"author_info":{"display_name":"efactory_tsz","author_link":"https:\/\/mdkmlawa.com\/turysta\/author\/efactory_tsz\/"},"comment_info":0,"taxonomy_info":[],"_links":{"self":[{"href":"https:\/\/mdkmlawa.com\/turysta\/wp-json\/wp\/v2\/pages\/225","targetHints":{"allow":["GET"]}}],"collection":[{"href":"https:\/\/mdkmlawa.com\/turysta\/wp-json\/wp\/v2\/pages"}],"about":[{"href":"https:\/\/mdkmlawa.com\/turysta\/wp-json\/wp\/v2\/types\/page"}],"author":[{"embeddable":true,"href":"https:\/\/mdkmlawa.com\/turysta\/wp-json\/wp\/v2\/users\/1"}],"replies":[{"embeddable":true,"href":"https:\/\/mdkmlawa.com\/turysta\/wp-json\/wp\/v2\/comments?post=225"}],"version-history":[{"count":1,"href":"https:\/\/mdkmlawa.com\/turysta\/wp-json\/wp\/v2\/pages\/225\/revisions"}],"predecessor-version":[{"id":228,"href":"https:\/\/mdkmlawa.com\/turysta\/wp-json\/wp\/v2\/pages\/225\/revisions\/228"}],"up":[{"embeddable":true,"href":"https:\/\/mdkmlawa.com\/turysta\/wp-json\/wp\/v2\/pages\/197"}],"wp:featuredmedia":[{"embeddable":true,"href":"https:\/\/mdkmlawa.com\/turysta\/wp-json\/wp\/v2\/media\/227"}],"wp:attachment":[{"href":"https:\/\/mdkmlawa.com\/turysta\/wp-json\/wp\/v2\/media?parent=225"}],"curies":[{"name":"wp","href":"https:\/\/api.w.org\/{rel}","templated":true}]}}