{"id":197,"date":"2021-02-16T12:29:14","date_gmt":"2021-02-16T11:29:14","guid":{"rendered":"https:\/\/mdkmlawa.com\/turysta\/?page_id=197"},"modified":"2021-02-16T13:50:57","modified_gmt":"2021-02-16T12:50:57","slug":"atrakcje","status":"publish","type":"page","link":"https:\/\/mdkmlawa.com\/turysta\/atrakcje\/","title":{"rendered":"Atrakcje"},"content":{"rendered":"\n<p>Wyst\u0119py legend polskiej piosnki, czasowe wystawy, odpoczynek w przepi\u0119knej okolicy i warunki do uprawiania r\u00f3\u017cnych dyscyplin sportowych. Takie mo\u017cliwo\u015bci tylko u nas.<\/p>\n\n\n<style>.wp-block-kadence-spacer.kt-block-spacer-_d8834a-b1 .kt-block-spacer{height:60px;}.wp-block-kadence-spacer.kt-block-spacer-_d8834a-b1 .kt-divider-stripe{height:1px;width:80%;}<\/style>\n<div class=\"wp-block-kadence-spacer aligncenter kt-block-spacer-_d8834a-b1\"><div class=\"kt-block-spacer kt-block-spacer-halign-center\" style=\"height:60px\"><span class=\"kt-divider-stripe\" style=\"height:10px;width:80%\"><svg xmlns=\"http:\/\/www.w3.org\/2000\/svg\" width=\"100%\" height=\"100%\" class=\"kb-pattern-svg-divider kb-stripes-svg\"><defs><pattern id=\"pat_d8834a-b1\" width=\"7\" height=\"7\" patterntransform=\"rotate(40)\" patternunits=\"userSpaceOnUse\"><line x1=\"0\" y=\"0\" x2=\"0\" y2=\"7\" stroke=\"#eee\" stroke-width=\"4\"><\/line><\/pattern><\/defs><rect width=\"100%\" height=\"100%\" fill=\"url(#pat_d8834a-b1)\" opacity=\"1\"><\/rect><\/svg><\/span><\/div><\/div>\n\n\n<style>.wp-block-kadence-column.kb-section-dir-horizontal > .kt-inside-inner-col > #kt-info-box_09c9c9-80 .kt-blocks-info-box-link-wrap{max-width:unset;}#kt-info-box_09c9c9-80 .kt-blocks-info-box-link-wrap{border-radius:10px;border-top-width:0px;border-right-width:0px;border-bottom-width:0px;border-left-width:0px;background:var(--global-palette9, #ffffff);padding-top:30px;padding-right:30px;padding-bottom:30px;padding-left:30px;}#kt-info-box_09c9c9-80 .kt-blocks-info-box-link-wrap:hover{background:var(--global-palette9, #ffffff);}#kt-info-box_09c9c9-80 .kadence-info-box-icon-container .kt-info-svg-icon, #kt-info-box_09c9c9-80 .kt-info-svg-icon-flip, #kt-info-box_09c9c9-80 .kt-blocks-info-box-number{font-size:40px;}#kt-info-box_09c9c9-80 .kt-blocks-info-box-media{color:#ffffff;background:var(--global-palette1, #3182CE);border-color:#444444;border-radius:100px;border-top-width:0px;border-right-width:0px;border-bottom-width:0px;border-left-width:0px;padding-top:15px;padding-right:15px;padding-bottom:15px;padding-left:15px;}#kt-info-box_09c9c9-80 .kt-blocks-info-box-media-container{margin-top:0px;margin-right:0px;margin-bottom:20px;margin-left:0px;}#kt-info-box_09c9c9-80 .kt-blocks-info-box-media .kadence-info-box-image-intrisic img{border-radius:100px;}#kt-info-box_09c9c9-80 .kt-blocks-info-box-link-wrap:hover .kt-blocks-info-box-media{color:#ffffff;background:var(--global-palette1, #3182CE);border-color:#444444;}#kt-info-box_09c9c9-80 .kt-infobox-textcontent h2.kt-blocks-info-box-title{color:var(--global-palette3, #1A202C);font-size:24px;font-style:normal;font-weight:normal;padding-top:0px;padding-right:0px;padding-bottom:0px;padding-left:0px;margin-top:5px;margin-right:0px;margin-bottom:10px;margin-left:0px;}#kt-info-box_09c9c9-80 .kt-blocks-info-box-link-wrap:hover h2.kt-blocks-info-box-title{color:var(--global-palette3, #1A202C);}#kt-info-box_09c9c9-80 .kt-infobox-textcontent .kt-blocks-info-box-text{color:var(--global-palette5, #4A5568);}.wp-block-kadence-infobox#kt-info-box_09c9c9-80 .kt-blocks-info-box-text{font-size:16px;font-style:normal;font-weight:normal;}#kt-info-box_09c9c9-80 .kt-blocks-info-box-link-wrap:hover .kt-blocks-info-box-text{color:var(--global-palette5, #4A5568);}#kt-info-box_09c9c9-80 .kt-blocks-info-box-learnmore{background:transparent;border-color:var(--global-palette3, #1A202C);font-weight:400;border-width:1px 0px 0px 0px;padding-top:4px;padding-right:20px;padding-bottom:4px;padding-left:20px;margin-top:10px;margin-right:0px;margin-bottom:10px;margin-left:0px;}#kt-info-box_09c9c9-80 .kt-blocks-info-box-link-wrap:hover .kt-blocks-info-box-learnmore,#kt-info-box_09c9c9-80 .kt-blocks-info-box-link-wrap .kt-blocks-info-box-learnmore:focus{color:var(--global-palette3, #1A202C);background:var(--global-palette7, #EDF2F7);border-color:var(--global-palette1, #3182CE);}#kt-info-box_09c9c9-80 .kt-blocks-info-box-link-wrap{box-shadow:0px 0px 30px 0px rgba(0, 0, 0, 0.03);}#kt-info-box_09c9c9-80 .kt-blocks-info-box-link-wrap:hover{box-shadow:0px 0px 40px 0px rgba(0, 0, 0, 0.07);}@media all and (max-width: 1024px){#kt-info-box_09c9c9-80 .kt-blocks-info-box-link-wrap{box-shadow:0px 0px 30px 0px rgba(0, 0, 0, 0.03);}}@media all and (max-width: 1024px){#kt-info-box_09c9c9-80 .kt-blocks-info-box-link-wrap:hover{box-shadow:0px 0px 40px 0px rgba(0, 0, 0, 0.07);}}@media all and (max-width: 767px){#kt-info-box_09c9c9-80 .kt-blocks-info-box-link-wrap{box-shadow:0px 0px 30px 0px rgba(0, 0, 0, 0.03);}#kt-info-box_09c9c9-80 .kt-blocks-info-box-link-wrap:hover{box-shadow:0px 0px 40px 0px rgba(0, 0, 0, 0.07);}}<\/style>\n<div id=\"kt-info-box_09c9c9-80\" class=\"wp-block-kadence-infobox\"><a class=\"kt-blocks-info-box-link-wrap info-box-link kt-blocks-info-box-media-align-top kt-info-halign-center\" href=\"https:\/\/mdkmlawa.com\/turysta\/atrakcje\/atrakcje-sportowe\/\"><div class=\"kt-infobox-textcontent\"><h2 class=\"kt-blocks-info-box-title\">Atrakcje sportowe<\/h2><p class=\"kt-blocks-info-box-text\">Miejsc do uprawiania sportu i aktywnej turystyki przybywa u nas ka\u017cdego roku. Oferujemy nowoczesne i przystosowane do potrzeb u\u017cytkownik\u00f3w obiekty, charakteryzuj\u0105ce si\u0119 doskona\u0142\u0105 funkcjonalno\u015bci\u0105. Do zdrowego stylu \u017cycia przekonali\u015bmy wszystkich mieszka\u0144c\u00f3w. Przekonamy i Ciebie.<\/p><div class=\"kt-blocks-info-box-learnmore-wrap\"><span class=\"kt-blocks-info-box-learnmore\">przejd\u017a do sekcji&#8230;<\/span><\/div><\/div><\/a><\/div>\n\n\n<style>.wp-block-kadence-column.kb-section-dir-horizontal > .kt-inside-inner-col > #kt-info-box_ff7134-f0 .kt-blocks-info-box-link-wrap{max-width:unset;}#kt-info-box_ff7134-f0 .kt-blocks-info-box-link-wrap{border-radius:10px;border-top-width:0px;border-right-width:0px;border-bottom-width:0px;border-left-width:0px;background:var(--global-palette9, #ffffff);padding-top:30px;padding-right:30px;padding-bottom:30px;padding-left:30px;}#kt-info-box_ff7134-f0 .kt-blocks-info-box-link-wrap:hover{background:var(--global-palette9, #ffffff);}#kt-info-box_ff7134-f0 .kadence-info-box-icon-container .kt-info-svg-icon, #kt-info-box_ff7134-f0 .kt-info-svg-icon-flip, #kt-info-box_ff7134-f0 .kt-blocks-info-box-number{font-size:40px;}#kt-info-box_ff7134-f0 .kt-blocks-info-box-media{color:#ffffff;background:var(--global-palette1, #3182CE);border-color:#444444;border-radius:100px;border-top-width:0px;border-right-width:0px;border-bottom-width:0px;border-left-width:0px;padding-top:15px;padding-right:15px;padding-bottom:15px;padding-left:15px;}#kt-info-box_ff7134-f0 .kt-blocks-info-box-media-container{margin-top:0px;margin-right:0px;margin-bottom:20px;margin-left:0px;}#kt-info-box_ff7134-f0 .kt-blocks-info-box-media .kadence-info-box-image-intrisic img{border-radius:100px;}#kt-info-box_ff7134-f0 .kt-blocks-info-box-link-wrap:hover .kt-blocks-info-box-media{color:#ffffff;background:var(--global-palette1, #3182CE);border-color:#444444;}#kt-info-box_ff7134-f0 .kt-infobox-textcontent h2.kt-blocks-info-box-title{color:var(--global-palette3, #1A202C);font-size:24px;font-style:normal;font-weight:normal;padding-top:0px;padding-right:0px;padding-bottom:0px;padding-left:0px;margin-top:5px;margin-right:0px;margin-bottom:10px;margin-left:0px;}#kt-info-box_ff7134-f0 .kt-blocks-info-box-link-wrap:hover h2.kt-blocks-info-box-title{color:var(--global-palette3, #1A202C);}#kt-info-box_ff7134-f0 .kt-infobox-textcontent .kt-blocks-info-box-text{color:var(--global-palette5, #4A5568);}.wp-block-kadence-infobox#kt-info-box_ff7134-f0 .kt-blocks-info-box-text{font-size:16px;font-style:normal;font-weight:normal;}#kt-info-box_ff7134-f0 .kt-blocks-info-box-link-wrap:hover .kt-blocks-info-box-text{color:var(--global-palette5, #4A5568);}#kt-info-box_ff7134-f0 .kt-blocks-info-box-learnmore{background:transparent;border-color:var(--global-palette3, #1A202C);font-weight:400;border-width:1px 0px 0px 0px;padding-top:4px;padding-right:20px;padding-bottom:4px;padding-left:20px;margin-top:10px;margin-right:0px;margin-bottom:10px;margin-left:0px;}#kt-info-box_ff7134-f0 .kt-blocks-info-box-link-wrap:hover .kt-blocks-info-box-learnmore,#kt-info-box_ff7134-f0 .kt-blocks-info-box-link-wrap .kt-blocks-info-box-learnmore:focus{color:var(--global-palette3, #1A202C);background:var(--global-palette7, #EDF2F7);border-color:var(--global-palette1, #3182CE);}#kt-info-box_ff7134-f0 .kt-blocks-info-box-link-wrap{box-shadow:0px 0px 30px 0px rgba(0, 0, 0, 0.03);}#kt-info-box_ff7134-f0 .kt-blocks-info-box-link-wrap:hover{box-shadow:0px 0px 40px 0px rgba(0, 0, 0, 0.07);}@media all and (max-width: 1024px){#kt-info-box_ff7134-f0 .kt-blocks-info-box-link-wrap{box-shadow:0px 0px 30px 0px rgba(0, 0, 0, 0.03);}}@media all and (max-width: 1024px){#kt-info-box_ff7134-f0 .kt-blocks-info-box-link-wrap:hover{box-shadow:0px 0px 40px 0px rgba(0, 0, 0, 0.07);}}@media all and (max-width: 767px){#kt-info-box_ff7134-f0 .kt-blocks-info-box-link-wrap{box-shadow:0px 0px 30px 0px rgba(0, 0, 0, 0.03);}#kt-info-box_ff7134-f0 .kt-blocks-info-box-link-wrap:hover{box-shadow:0px 0px 40px 0px rgba(0, 0, 0, 0.07);}}<\/style>\n<div id=\"kt-info-box_ff7134-f0\" class=\"wp-block-kadence-infobox\"><a class=\"kt-blocks-info-box-link-wrap info-box-link kt-blocks-info-box-media-align-top kt-info-halign-center\" href=\"https:\/\/mdkmlawa.com\/turysta\/atrakcje\/atrakcje-kulturalne\/\"><div class=\"kt-infobox-textcontent\"><h2 class=\"kt-blocks-info-box-title\">Atrakcje kulturalne<\/h2><p class=\"kt-blocks-info-box-text\">Wystawy malarstwa, wykonawcy porywaj\u0105cy publiczno\u015b\u0107 do ta\u0144ca, sztuki zachwycaj\u0105ce widz\u00f3w z Warszawy \u2013 to tylko niekt\u00f3re zaskakuj\u0105ce i budz\u0105ce \u017cyw\u0105 reakcje atrakcje oferowane przez nasze miasto. Nie tylko latem mo\u017cesz w M\u0142awie zosta\u0107 kulturalnie nakr\u0119cony. Czytaj wi\u0119cej o instytucjach, kt\u00f3re dbaj\u0105 o to, aby\u015b si\u0119 nie nudzi\u0142.<\/p><div class=\"kt-blocks-info-box-learnmore-wrap\"><span class=\"kt-blocks-info-box-learnmore\">przejd\u017a do sekcji&#8230;<\/span><\/div><\/div><\/a><\/div>\n\n\n<style>.wp-block-kadence-column.kb-section-dir-horizontal > .kt-inside-inner-col > #kt-info-box_cfd721-2e .kt-blocks-info-box-link-wrap{max-width:unset;}#kt-info-box_cfd721-2e .kt-blocks-info-box-link-wrap{border-radius:10px;border-top-width:0px;border-right-width:0px;border-bottom-width:0px;border-left-width:0px;background:var(--global-palette9, #ffffff);padding-top:30px;padding-right:30px;padding-bottom:30px;padding-left:30px;}#kt-info-box_cfd721-2e .kt-blocks-info-box-link-wrap:hover{background:var(--global-palette9, #ffffff);}#kt-info-box_cfd721-2e .kadence-info-box-icon-container .kt-info-svg-icon, #kt-info-box_cfd721-2e .kt-info-svg-icon-flip, #kt-info-box_cfd721-2e .kt-blocks-info-box-number{font-size:40px;}#kt-info-box_cfd721-2e .kt-blocks-info-box-media{color:#ffffff;background:var(--global-palette1, #3182CE);border-color:#444444;border-radius:100px;border-top-width:0px;border-right-width:0px;border-bottom-width:0px;border-left-width:0px;padding-top:15px;padding-right:15px;padding-bottom:15px;padding-left:15px;}#kt-info-box_cfd721-2e .kt-blocks-info-box-media-container{margin-top:0px;margin-right:0px;margin-bottom:20px;margin-left:0px;}#kt-info-box_cfd721-2e .kt-blocks-info-box-media .kadence-info-box-image-intrisic img{border-radius:100px;}#kt-info-box_cfd721-2e .kt-blocks-info-box-link-wrap:hover .kt-blocks-info-box-media{color:#ffffff;background:var(--global-palette1, #3182CE);border-color:#444444;}#kt-info-box_cfd721-2e .kt-infobox-textcontent h2.kt-blocks-info-box-title{color:var(--global-palette3, #1A202C);font-size:24px;font-style:normal;font-weight:normal;padding-top:0px;padding-right:0px;padding-bottom:0px;padding-left:0px;margin-top:5px;margin-right:0px;margin-bottom:10px;margin-left:0px;}#kt-info-box_cfd721-2e .kt-blocks-info-box-link-wrap:hover h2.kt-blocks-info-box-title{color:var(--global-palette3, #1A202C);}#kt-info-box_cfd721-2e .kt-infobox-textcontent .kt-blocks-info-box-text{color:var(--global-palette5, #4A5568);}.wp-block-kadence-infobox#kt-info-box_cfd721-2e .kt-blocks-info-box-text{font-size:16px;font-style:normal;font-weight:normal;}#kt-info-box_cfd721-2e .kt-blocks-info-box-link-wrap:hover .kt-blocks-info-box-text{color:var(--global-palette5, #4A5568);}#kt-info-box_cfd721-2e .kt-blocks-info-box-learnmore{background:transparent;border-color:var(--global-palette3, #1A202C);font-weight:400;border-width:1px 0px 0px 0px;padding-top:4px;padding-right:20px;padding-bottom:4px;padding-left:20px;margin-top:10px;margin-right:0px;margin-bottom:10px;margin-left:0px;}#kt-info-box_cfd721-2e .kt-blocks-info-box-link-wrap:hover .kt-blocks-info-box-learnmore,#kt-info-box_cfd721-2e .kt-blocks-info-box-link-wrap .kt-blocks-info-box-learnmore:focus{color:var(--global-palette3, #1A202C);background:var(--global-palette7, #EDF2F7);border-color:var(--global-palette1, #3182CE);}#kt-info-box_cfd721-2e .kt-blocks-info-box-link-wrap{box-shadow:0px 0px 30px 0px rgba(0, 0, 0, 0.03);}#kt-info-box_cfd721-2e .kt-blocks-info-box-link-wrap:hover{box-shadow:0px 0px 40px 0px rgba(0, 0, 0, 0.07);}@media all and (max-width: 1024px){#kt-info-box_cfd721-2e .kt-blocks-info-box-link-wrap{box-shadow:0px 0px 30px 0px rgba(0, 0, 0, 0.03);}}@media all and (max-width: 1024px){#kt-info-box_cfd721-2e .kt-blocks-info-box-link-wrap:hover{box-shadow:0px 0px 40px 0px rgba(0, 0, 0, 0.07);}}@media all and (max-width: 767px){#kt-info-box_cfd721-2e .kt-blocks-info-box-link-wrap{box-shadow:0px 0px 30px 0px rgba(0, 0, 0, 0.03);}#kt-info-box_cfd721-2e .kt-blocks-info-box-link-wrap:hover{box-shadow:0px 0px 40px 0px rgba(0, 0, 0, 0.07);}}<\/style>\n<div id=\"kt-info-box_cfd721-2e\" class=\"wp-block-kadence-infobox\"><a class=\"kt-blocks-info-box-link-wrap info-box-link kt-blocks-info-box-media-align-top kt-info-halign-center\" href=\"https:\/\/mdkmlawa.com\/turysta\/atrakcje\/wydarzenia\/\"><div class=\"kt-infobox-textcontent\"><h2 class=\"kt-blocks-info-box-title\">Wydarzenia<\/h2><p class=\"kt-blocks-info-box-text\">Bez wzgl\u0119du na pogod\u0119, zmian\u0119 nastroju i negatywne g\u0142osy dobiegaj\u0105ce ze \u015bwiata, my w corocznej ram\u00f3wce wydarze\u0144 mamy imprezy, kt\u00f3re jednocz\u0105 wszystkich mieszka\u0144c\u00f3w, zapewniaj\u0105c doskona\u0142\u0105 zabaw\u0119, zar\u00f3wno tym najm\u0142odszym, jak i starszym. \u015awi\u0119tuj z nami m\u0142awianami!<\/p><div class=\"kt-blocks-info-box-learnmore-wrap\"><span class=\"kt-blocks-info-box-learnmore\">przejd\u017a do sekcji&#8230;<\/span><\/div><\/div><\/a><\/div>\n","protected":false},"excerpt":{"rendered":"<p>Wyst\u0119py legend polskiej piosnki, czasowe wystawy, odpoczynek w przepi\u0119knej okolicy i warunki do uprawiania r\u00f3\u017cnych dyscyplin sportowych. Takie mo\u017cliwo\u015bci tylko u nas.<\/p>\n","protected":false},"author":1,"featured_media":23,"parent":0,"menu_order":0,"comment_status":"closed","ping_status":"closed","template":"","meta":{"_acf_changed":false,"_kad_blocks_custom_css":"","_kad_blocks_head_custom_js":"","_kad_blocks_body_custom_js":"","_kad_blocks_footer_custom_js":"","_kad_post_transparent":"","_kad_post_title":"","_kad_post_layout":"","_kad_post_sidebar_id":"","_kad_post_content_style":"","_kad_post_vertical_padding":"","_kad_post_feature":"","_kad_post_feature_position":"","_kad_post_header":false,"_kad_post_footer":false,"_kad_post_classname":"","footnotes":""},"class_list":["post-197","page","type-page","status-publish","has-post-thumbnail","hentry"],"acf":[],"featured_image_src_large":["https:\/\/mdkmlawa.com\/turysta\/wp-content\/uploads\/sites\/4\/2021\/02\/atrakcje.jpg",400,267,false],"author_info":{"display_name":"efactory_tsz","author_link":"https:\/\/mdkmlawa.com\/turysta\/author\/efactory_tsz\/"},"comment_info":0,"taxonomy_info":[],"_links":{"self":[{"href":"https:\/\/mdkmlawa.com\/turysta\/wp-json\/wp\/v2\/pages\/197","targetHints":{"allow":["GET"]}}],"collection":[{"href":"https:\/\/mdkmlawa.com\/turysta\/wp-json\/wp\/v2\/pages"}],"about":[{"href":"https:\/\/mdkmlawa.com\/turysta\/wp-json\/wp\/v2\/types\/page"}],"author":[{"embeddable":true,"href":"https:\/\/mdkmlawa.com\/turysta\/wp-json\/wp\/v2\/users\/1"}],"replies":[{"embeddable":true,"href":"https:\/\/mdkmlawa.com\/turysta\/wp-json\/wp\/v2\/comments?post=197"}],"version-history":[{"count":2,"href":"https:\/\/mdkmlawa.com\/turysta\/wp-json\/wp\/v2\/pages\/197\/revisions"}],"predecessor-version":[{"id":267,"href":"https:\/\/mdkmlawa.com\/turysta\/wp-json\/wp\/v2\/pages\/197\/revisions\/267"}],"wp:featuredmedia":[{"embeddable":true,"href":"https:\/\/mdkmlawa.com\/turysta\/wp-json\/wp\/v2\/media\/23"}],"wp:attachment":[{"href":"https:\/\/mdkmlawa.com\/turysta\/wp-json\/wp\/v2\/media?parent=197"}],"curies":[{"name":"wp","href":"https:\/\/api.w.org\/{rel}","templated":true}]}}