{"id":150,"date":"2021-02-16T12:07:08","date_gmt":"2021-02-16T11:07:08","guid":{"rendered":"https:\/\/mdkmlawa.com\/turysta\/?page_id=150"},"modified":"2021-02-16T13:53:15","modified_gmt":"2021-02-16T12:53:15","slug":"strefa-dla-gosci-i-mieszkancow","status":"publish","type":"page","link":"https:\/\/mdkmlawa.com\/turysta\/nasze-miasto\/strefa-dla-gosci-i-mieszkancow\/","title":{"rendered":"Strefa dla go\u015bci i mieszka\u0144c\u00f3w"},"content":{"rendered":"\n<p>Umiesz zainspirowa\u0107 swoich s\u0105siad\u00f3w, dotrze\u0107 do os\u00f3b odpowiedzialnych za promocj\u0119 i rozw\u00f3j naszego miasta, a mo\u017ce chcesz podzieli\u0107 si\u0119 pomys\u0142em na nowy produkt, kt\u00f3ry m\u00f3g\u0142by promowa\u0107 M\u0142aw\u0119 jako atrakcyjne turystycznie miejsce. Strefa m\u0142awianina to przestrze\u0144, w kt\u00f3rej cenimy otwarto\u015b\u0107 umys\u0142u i pozytywn\u0105 energi\u0119 wszystkich mieszka\u0144c\u00f3w.<\/p>\n\n\n<style>.wp-block-kadence-spacer.kt-block-spacer-_d8834a-b1 .kt-block-spacer{height:60px;}.wp-block-kadence-spacer.kt-block-spacer-_d8834a-b1 .kt-divider-stripe{height:1px;width:80%;}<\/style>\n<div class=\"wp-block-kadence-spacer aligncenter kt-block-spacer-_d8834a-b1\"><div class=\"kt-block-spacer kt-block-spacer-halign-center\" style=\"height:60px\"><span class=\"kt-divider-stripe\" style=\"height:10px;width:80%\"><svg xmlns=\"http:\/\/www.w3.org\/2000\/svg\" width=\"100%\" height=\"100%\" class=\"kb-pattern-svg-divider kb-stripes-svg\"><defs><pattern id=\"pat_d8834a-b1\" width=\"7\" height=\"7\" patterntransform=\"rotate(40)\" patternunits=\"userSpaceOnUse\"><line x1=\"0\" y=\"0\" x2=\"0\" y2=\"7\" stroke=\"#eee\" stroke-width=\"4\"><\/line><\/pattern><\/defs><rect width=\"100%\" height=\"100%\" fill=\"url(#pat_d8834a-b1)\" opacity=\"1\"><\/rect><\/svg><\/span><\/div><\/div>\n\n\n<style>.wp-block-kadence-column.kb-section-dir-horizontal > .kt-inside-inner-col > #kt-info-box_09c9c9-80 .kt-blocks-info-box-link-wrap{max-width:unset;}#kt-info-box_09c9c9-80 .kt-blocks-info-box-link-wrap{border-radius:10px;border-top-width:0px;border-right-width:0px;border-bottom-width:0px;border-left-width:0px;background:var(--global-palette9, #ffffff);padding-top:30px;padding-right:30px;padding-bottom:30px;padding-left:30px;}#kt-info-box_09c9c9-80 .kt-blocks-info-box-link-wrap:hover{background:var(--global-palette9, #ffffff);}#kt-info-box_09c9c9-80 .kadence-info-box-icon-container .kt-info-svg-icon, #kt-info-box_09c9c9-80 .kt-info-svg-icon-flip, #kt-info-box_09c9c9-80 .kt-blocks-info-box-number{font-size:40px;}#kt-info-box_09c9c9-80 .kt-blocks-info-box-media{color:#ffffff;background:var(--global-palette1, #3182CE);border-color:#444444;border-radius:100px;border-top-width:0px;border-right-width:0px;border-bottom-width:0px;border-left-width:0px;padding-top:15px;padding-right:15px;padding-bottom:15px;padding-left:15px;}#kt-info-box_09c9c9-80 .kt-blocks-info-box-media-container{margin-top:0px;margin-right:0px;margin-bottom:20px;margin-left:0px;}#kt-info-box_09c9c9-80 .kt-blocks-info-box-media .kadence-info-box-image-intrisic img{border-radius:100px;}#kt-info-box_09c9c9-80 .kt-blocks-info-box-link-wrap:hover .kt-blocks-info-box-media{color:#ffffff;background:var(--global-palette1, #3182CE);border-color:#444444;}#kt-info-box_09c9c9-80 .kt-infobox-textcontent h2.kt-blocks-info-box-title{color:var(--global-palette3, #1A202C);font-size:24px;font-style:normal;font-weight:normal;padding-top:0px;padding-right:0px;padding-bottom:0px;padding-left:0px;margin-top:5px;margin-right:0px;margin-bottom:10px;margin-left:0px;}#kt-info-box_09c9c9-80 .kt-blocks-info-box-link-wrap:hover h2.kt-blocks-info-box-title{color:var(--global-palette3, #1A202C);}#kt-info-box_09c9c9-80 .kt-infobox-textcontent .kt-blocks-info-box-text{color:var(--global-palette5, #4A5568);}.wp-block-kadence-infobox#kt-info-box_09c9c9-80 .kt-blocks-info-box-text{font-size:16px;font-style:normal;font-weight:normal;}#kt-info-box_09c9c9-80 .kt-blocks-info-box-link-wrap:hover .kt-blocks-info-box-text{color:var(--global-palette5, #4A5568);}#kt-info-box_09c9c9-80 .kt-blocks-info-box-learnmore{background:transparent;border-color:var(--global-palette3, #1A202C);font-weight:400;border-width:1px 0px 0px 0px;padding-top:4px;padding-right:20px;padding-bottom:4px;padding-left:20px;margin-top:10px;margin-right:0px;margin-bottom:10px;margin-left:0px;}#kt-info-box_09c9c9-80 .kt-blocks-info-box-link-wrap:hover .kt-blocks-info-box-learnmore,#kt-info-box_09c9c9-80 .kt-blocks-info-box-link-wrap .kt-blocks-info-box-learnmore:focus{color:var(--global-palette3, #1A202C);background:var(--global-palette7, #EDF2F7);border-color:var(--global-palette1, #3182CE);}#kt-info-box_09c9c9-80 .kt-blocks-info-box-link-wrap{box-shadow:0px 0px 30px 0px rgba(0, 0, 0, 0.03);}#kt-info-box_09c9c9-80 .kt-blocks-info-box-link-wrap:hover{box-shadow:0px 0px 40px 0px rgba(0, 0, 0, 0.07);}@media all and (max-width: 1024px){#kt-info-box_09c9c9-80 .kt-blocks-info-box-link-wrap{box-shadow:0px 0px 30px 0px rgba(0, 0, 0, 0.03);}}@media all and (max-width: 1024px){#kt-info-box_09c9c9-80 .kt-blocks-info-box-link-wrap:hover{box-shadow:0px 0px 40px 0px rgba(0, 0, 0, 0.07);}}@media all and (max-width: 767px){#kt-info-box_09c9c9-80 .kt-blocks-info-box-link-wrap{box-shadow:0px 0px 30px 0px rgba(0, 0, 0, 0.03);}#kt-info-box_09c9c9-80 .kt-blocks-info-box-link-wrap:hover{box-shadow:0px 0px 40px 0px rgba(0, 0, 0, 0.07);}}<\/style>\n<div id=\"kt-info-box_09c9c9-80\" class=\"wp-block-kadence-infobox\"><a class=\"kt-blocks-info-box-link-wrap info-box-link kt-blocks-info-box-media-align-top kt-info-halign-center\" href=\"https:\/\/mdkmlawa.com\/turysta\/nasze-miasto\/strefa-dla-gosci-i-mieszkancow\/mlawa-oczami-mieszkancow\/\"><div class=\"kt-infobox-textcontent\"><h2 class=\"kt-blocks-info-box-title\">M\u0142awa oczami mieszka\u0144c\u00f3w<\/h2><p class=\"kt-blocks-info-box-text\">To my kreujemy przestrze\u0144, w kt\u00f3rej \u017cyjemy. Jest ona naszym azylem, ale r\u00f3wnie\u017c miejscem budz\u0105cym ciekawo\u015b\u0107 w\u015br\u00f3d nowo przyby\u0142ych. M\u0142awianie, tw\u00f3rzmy razem now\u0105 histori\u0119 miasta!<\/p><div class=\"kt-blocks-info-box-learnmore-wrap\"><span class=\"kt-blocks-info-box-learnmore\">przejd\u017a do sekcji&#8230;<\/span><\/div><\/div><\/a><\/div>\n\n\n<style>.wp-block-kadence-column.kb-section-dir-horizontal > .kt-inside-inner-col > #kt-info-box_cfd721-2e .kt-blocks-info-box-link-wrap{max-width:unset;}#kt-info-box_cfd721-2e .kt-blocks-info-box-link-wrap{border-radius:10px;border-top-width:0px;border-right-width:0px;border-bottom-width:0px;border-left-width:0px;background:var(--global-palette9, #ffffff);padding-top:30px;padding-right:30px;padding-bottom:30px;padding-left:30px;}#kt-info-box_cfd721-2e .kt-blocks-info-box-link-wrap:hover{background:var(--global-palette9, #ffffff);}#kt-info-box_cfd721-2e .kadence-info-box-icon-container .kt-info-svg-icon, #kt-info-box_cfd721-2e .kt-info-svg-icon-flip, #kt-info-box_cfd721-2e .kt-blocks-info-box-number{font-size:40px;}#kt-info-box_cfd721-2e .kt-blocks-info-box-media{color:#ffffff;background:var(--global-palette1, #3182CE);border-color:#444444;border-radius:100px;border-top-width:0px;border-right-width:0px;border-bottom-width:0px;border-left-width:0px;padding-top:15px;padding-right:15px;padding-bottom:15px;padding-left:15px;}#kt-info-box_cfd721-2e .kt-blocks-info-box-media-container{margin-top:0px;margin-right:0px;margin-bottom:20px;margin-left:0px;}#kt-info-box_cfd721-2e .kt-blocks-info-box-media .kadence-info-box-image-intrisic img{border-radius:100px;}#kt-info-box_cfd721-2e .kt-blocks-info-box-link-wrap:hover .kt-blocks-info-box-media{color:#ffffff;background:var(--global-palette1, #3182CE);border-color:#444444;}#kt-info-box_cfd721-2e .kt-infobox-textcontent h2.kt-blocks-info-box-title{color:var(--global-palette3, #1A202C);font-size:24px;font-style:normal;font-weight:normal;padding-top:0px;padding-right:0px;padding-bottom:0px;padding-left:0px;margin-top:5px;margin-right:0px;margin-bottom:10px;margin-left:0px;}#kt-info-box_cfd721-2e .kt-blocks-info-box-link-wrap:hover h2.kt-blocks-info-box-title{color:var(--global-palette3, #1A202C);}#kt-info-box_cfd721-2e .kt-infobox-textcontent .kt-blocks-info-box-text{color:var(--global-palette5, #4A5568);}.wp-block-kadence-infobox#kt-info-box_cfd721-2e .kt-blocks-info-box-text{font-size:16px;font-style:normal;font-weight:normal;}#kt-info-box_cfd721-2e .kt-blocks-info-box-link-wrap:hover .kt-blocks-info-box-text{color:var(--global-palette5, #4A5568);}#kt-info-box_cfd721-2e .kt-blocks-info-box-learnmore{background:transparent;border-color:var(--global-palette3, #1A202C);font-weight:400;border-width:1px 0px 0px 0px;padding-top:4px;padding-right:20px;padding-bottom:4px;padding-left:20px;margin-top:10px;margin-right:0px;margin-bottom:10px;margin-left:0px;}#kt-info-box_cfd721-2e .kt-blocks-info-box-link-wrap:hover .kt-blocks-info-box-learnmore,#kt-info-box_cfd721-2e .kt-blocks-info-box-link-wrap .kt-blocks-info-box-learnmore:focus{color:var(--global-palette3, #1A202C);background:var(--global-palette7, #EDF2F7);border-color:var(--global-palette1, #3182CE);}#kt-info-box_cfd721-2e .kt-blocks-info-box-link-wrap{box-shadow:0px 0px 30px 0px rgba(0, 0, 0, 0.03);}#kt-info-box_cfd721-2e .kt-blocks-info-box-link-wrap:hover{box-shadow:0px 0px 40px 0px rgba(0, 0, 0, 0.07);}@media all and (max-width: 1024px){#kt-info-box_cfd721-2e .kt-blocks-info-box-link-wrap{box-shadow:0px 0px 30px 0px rgba(0, 0, 0, 0.03);}}@media all and (max-width: 1024px){#kt-info-box_cfd721-2e .kt-blocks-info-box-link-wrap:hover{box-shadow:0px 0px 40px 0px rgba(0, 0, 0, 0.07);}}@media all and (max-width: 767px){#kt-info-box_cfd721-2e .kt-blocks-info-box-link-wrap{box-shadow:0px 0px 30px 0px rgba(0, 0, 0, 0.03);}#kt-info-box_cfd721-2e .kt-blocks-info-box-link-wrap:hover{box-shadow:0px 0px 40px 0px rgba(0, 0, 0, 0.07);}}<\/style>\n<div id=\"kt-info-box_cfd721-2e\" class=\"wp-block-kadence-infobox\"><a class=\"kt-blocks-info-box-link-wrap info-box-link kt-blocks-info-box-media-align-top kt-info-halign-center\" href=\"\"><div class=\"kt-infobox-textcontent\"><h2 class=\"kt-blocks-info-box-title\">Ksi\u0119ga go\u015bci<\/h2><p class=\"kt-blocks-info-box-text\">Zachowaj od zapomnienia najpi\u0119kniejsze wspomnienia z wycieczki po M\u0142awie. Prze\u015blij nam swoje pozdrowienia b\u0105d\u017a podziel si\u0119 refleksj\u0105 o zmianach, kt\u00f3re uwa\u017casz za istotne i wp\u0142ywaj\u0105ce na postrzeganie naszego miasta w regionie. Z sentymentem o M\u0142awie mo\u017ce pisa\u0107 ka\u017cdy:-)<\/p><div class=\"kt-blocks-info-box-learnmore-wrap\"><span class=\"kt-blocks-info-box-learnmore\">sekcja w budowie&#8230;<\/span><\/div><\/div><\/a><\/div>\n","protected":false},"excerpt":{"rendered":"<p>Umiesz zainspirowa\u0107 swoich s\u0105siad\u00f3w, dotrze\u0107 do os\u00f3b odpowiedzialnych za promocj\u0119 i rozw\u00f3j naszego miasta, a mo\u017ce chcesz podzieli\u0107 si\u0119 pomys\u0142em na nowy produkt, kt\u00f3ry m\u00f3g\u0142by promowa\u0107 M\u0142aw\u0119 jako atrakcyjne turystycznie&#8230;<\/p>\n","protected":false},"author":1,"featured_media":22,"parent":60,"menu_order":0,"comment_status":"closed","ping_status":"closed","template":"","meta":{"_acf_changed":false,"_kad_blocks_custom_css":"","_kad_blocks_head_custom_js":"","_kad_blocks_body_custom_js":"","_kad_blocks_footer_custom_js":"","_kad_post_transparent":"","_kad_post_title":"","_kad_post_layout":"","_kad_post_sidebar_id":"","_kad_post_content_style":"","_kad_post_vertical_padding":"","_kad_post_feature":"","_kad_post_feature_position":"","_kad_post_header":false,"_kad_post_footer":false,"_kad_post_classname":"","footnotes":""},"class_list":["post-150","page","type-page","status-publish","has-post-thumbnail","hentry"],"acf":[],"featured_image_src_large":["https:\/\/mdkmlawa.com\/turysta\/wp-content\/uploads\/sites\/4\/2021\/02\/strefa.jpg",400,267,false],"author_info":{"display_name":"efactory_tsz","author_link":"https:\/\/mdkmlawa.com\/turysta\/author\/efactory_tsz\/"},"comment_info":0,"taxonomy_info":[],"_links":{"self":[{"href":"https:\/\/mdkmlawa.com\/turysta\/wp-json\/wp\/v2\/pages\/150","targetHints":{"allow":["GET"]}}],"collection":[{"href":"https:\/\/mdkmlawa.com\/turysta\/wp-json\/wp\/v2\/pages"}],"about":[{"href":"https:\/\/mdkmlawa.com\/turysta\/wp-json\/wp\/v2\/types\/page"}],"author":[{"embeddable":true,"href":"https:\/\/mdkmlawa.com\/turysta\/wp-json\/wp\/v2\/users\/1"}],"replies":[{"embeddable":true,"href":"https:\/\/mdkmlawa.com\/turysta\/wp-json\/wp\/v2\/comments?post=150"}],"version-history":[{"count":2,"href":"https:\/\/mdkmlawa.com\/turysta\/wp-json\/wp\/v2\/pages\/150\/revisions"}],"predecessor-version":[{"id":270,"href":"https:\/\/mdkmlawa.com\/turysta\/wp-json\/wp\/v2\/pages\/150\/revisions\/270"}],"up":[{"embeddable":true,"href":"https:\/\/mdkmlawa.com\/turysta\/wp-json\/wp\/v2\/pages\/60"}],"wp:featuredmedia":[{"embeddable":true,"href":"https:\/\/mdkmlawa.com\/turysta\/wp-json\/wp\/v2\/media\/22"}],"wp:attachment":[{"href":"https:\/\/mdkmlawa.com\/turysta\/wp-json\/wp\/v2\/media?parent=150"}],"curies":[{"name":"wp","href":"https:\/\/api.w.org\/{rel}","templated":true}]}}