{"id":142,"date":"2021-02-16T11:17:09","date_gmt":"2021-02-16T10:17:09","guid":{"rendered":"https:\/\/mdkmlawa.com\/turysta\/?page_id=142"},"modified":"2021-02-16T11:17:27","modified_gmt":"2021-02-16T10:17:27","slug":"symbole","status":"publish","type":"page","link":"https:\/\/mdkmlawa.com\/turysta\/nasze-miasto\/symbole\/","title":{"rendered":"Symbole"},"content":{"rendered":"<style>.kb-table-of-content-nav.kb-table-of-content-id_b47fce-86 .kb-table-of-content-wrap{padding-top:var(--global-kb-spacing-sm, 1.5rem);padding-right:var(--global-kb-spacing-sm, 1.5rem);padding-bottom:var(--global-kb-spacing-sm, 1.5rem);padding-left:var(--global-kb-spacing-sm, 1.5rem);background-color:var(--global-palette7, #EDF2F7);}.kb-table-of-content-nav.kb-table-of-content-id_b47fce-86 .kb-table-of-contents-title-wrap{padding-top:0px;padding-right:0px;padding-bottom:0px;padding-left:0px;}.kb-table-of-content-nav.kb-table-of-content-id_b47fce-86 .kb-table-of-contents-title{font-weight:regular;font-style:normal;}.kb-table-of-content-nav.kb-table-of-content-id_b47fce-86 .kb-table-of-content-wrap .kb-table-of-content-list{font-weight:regular;font-style:normal;margin-top:var(--global-kb-spacing-sm, 1.5rem);margin-right:0px;margin-bottom:0px;margin-left:0px;}.kb-table-of-content-nav.kb-table-of-content-id_b47fce-86 .kb-toggle-icon-style-basiccircle .kb-table-of-contents-icon-trigger:after, .kb-table-of-content-nav.kb-table-of-content-id_b47fce-86 .kb-toggle-icon-style-basiccircle .kb-table-of-contents-icon-trigger:before, .kb-table-of-content-nav.kb-table-of-content-id_b47fce-86 .kb-toggle-icon-style-arrowcircle .kb-table-of-contents-icon-trigger:after, .kb-table-of-content-nav.kb-table-of-content-id_b47fce-86 .kb-toggle-icon-style-arrowcircle .kb-table-of-contents-icon-trigger:before, .kb-table-of-content-nav.kb-table-of-content-id_b47fce-86 .kb-toggle-icon-style-xclosecircle .kb-table-of-contents-icon-trigger:after, .kb-table-of-content-nav.kb-table-of-content-id_b47fce-86 .kb-toggle-icon-style-xclosecircle .kb-table-of-contents-icon-trigger:before{background-color:var(--global-palette7, #EDF2F7);}<\/style>\n\n<style>.wp-block-kadence-spacer.kt-block-spacer-_3928cd-8b .kt-block-spacer{height:60px;}.wp-block-kadence-spacer.kt-block-spacer-_3928cd-8b .kt-divider-stripe{height:1px;width:80%;}<\/style>\n<div class=\"wp-block-kadence-spacer aligncenter kt-block-spacer-_3928cd-8b\"><div class=\"kt-block-spacer kt-block-spacer-halign-center\" style=\"height:60px\"><span class=\"kt-divider-stripe\" style=\"height:10px;width:80%\"><svg xmlns=\"http:\/\/www.w3.org\/2000\/svg\" width=\"100%\" height=\"100%\" class=\"kb-pattern-svg-divider kb-stripes-svg\"><defs><pattern id=\"pat_3928cd-8b\" width=\"7\" height=\"7\" patterntransform=\"rotate(40)\" patternunits=\"userSpaceOnUse\"><line x1=\"0\" y=\"0\" x2=\"0\" y2=\"7\" stroke=\"#eee\" stroke-width=\"4\"><\/line><\/pattern><\/defs><rect width=\"100%\" height=\"100%\" fill=\"url(#pat_3928cd-8b)\" opacity=\"1\"><\/rect><\/svg><\/span><\/div><\/div>\n\n\n<style>#kt-layout-id_6b6af2-13 > .kt-row-column-wrap{align-content:start;}:where(#kt-layout-id_6b6af2-13 > .kt-row-column-wrap) > .wp-block-kadence-column{justify-content:start;}#kt-layout-id_6b6af2-13 > .kt-row-column-wrap{column-gap:var(--global-kb-gap-md, 2rem);row-gap:var(--global-kb-gap-md, 2rem);padding-top:var( --global-kb-row-default-top, 25px );padding-bottom:var( --global-kb-row-default-bottom, 25px );padding-top:var(--global-kb-spacing-sm, 1.5rem);padding-bottom:var(--global-kb-spacing-sm, 1.5rem);grid-template-columns:minmax(0, 1fr);}#kt-layout-id_6b6af2-13 > .kt-row-layout-overlay{opacity:0.30;}@media all and (max-width: 1024px){#kt-layout-id_6b6af2-13 > .kt-row-column-wrap{grid-template-columns:minmax(0, 1fr);}}@media all and (max-width: 767px){#kt-layout-id_6b6af2-13 > .kt-row-column-wrap{grid-template-columns:minmax(0, 1fr);}}<\/style>\n<div class=\"wp-block-kadence-rowlayout alignnone\"><div id=\"kt-layout-id_6b6af2-13\" class=\"kt-row-layout-inner kt-layout-id_6b6af2-13\"><div class=\"kt-row-column-wrap kt-has-1-columns kt-gutter-default kt-v-gutter-default kt-row-valign-top kt-row-layout-equal kt-tab-layout-inherit kt-m-colapse-left-to-right kt-mobile-layout-row\"><style>.kadence-column_525941-1d > .kt-inside-inner-col{border-top-width:0px;border-right-width:0px;border-bottom-width:0px;border-left-width:0px;}.kadence-column_525941-1d > .kt-inside-inner-col,.kadence-column_525941-1d > .kt-inside-inner-col:before{border-top-left-radius:0px;border-top-right-radius:0px;border-bottom-right-radius:0px;border-bottom-left-radius:0px;}.kadence-column_525941-1d > .kt-inside-inner-col{column-gap:var(--global-kb-gap-sm, 1rem);}.kadence-column_525941-1d > .kt-inside-inner-col{flex-direction:column;}.kadence-column_525941-1d > .kt-inside-inner-col > .aligncenter{width:100%;}.kadence-column_525941-1d > .kt-inside-inner-col:before{opacity:0.3;}.kadence-column_525941-1d{position:relative;}@media all and (max-width: 1024px){.kadence-column_525941-1d > .kt-inside-inner-col{flex-direction:column;}}@media all and (max-width: 767px){.kadence-column_525941-1d > .kt-inside-inner-col{flex-direction:column;}}<\/style>\n<div class=\"wp-block-kadence-column inner-column-1 kadence-column_525941-1d\"><div class=\"kt-inside-inner-col\"><style>.wp-block-kadence-advancedheading.kt-adv-heading_d59861-42, .wp-block-kadence-advancedheading.kt-adv-heading_d59861-42[data-kb-block=\"kb-adv-heading_d59861-42\"]{font-style:normal;}.wp-block-kadence-advancedheading.kt-adv-heading_d59861-42 mark.kt-highlight, .wp-block-kadence-advancedheading.kt-adv-heading_d59861-42[data-kb-block=\"kb-adv-heading_d59861-42\"] mark.kt-highlight{font-style:normal;color:#f76a0c;-webkit-box-decoration-break:clone;box-decoration-break:clone;padding-top:0px;padding-right:0px;padding-bottom:0px;padding-left:0px;}<\/style>\n<h2 class=\"kt-adv-heading_d59861-42 wp-block-kadence-advancedheading\" data-kb-block=\"kb-adv-heading_d59861-42\">Herb<\/h2>\n\n\n\n<figure class=\"wp-block-image size-medium\"><img loading=\"lazy\" decoding=\"async\" width=\"271\" height=\"300\" src=\"https:\/\/mdkmlawa.com\/turysta\/wp-content\/uploads\/sites\/4\/2021\/02\/herb-Mlawy-271x300.jpg\" alt=\"Obraz przedstawia herb M\u0142awy\" class=\"wp-image-143\" srcset=\"https:\/\/mdkmlawa.com\/turysta\/wp-content\/uploads\/sites\/4\/2021\/02\/herb-Mlawy-271x300.jpg 271w, https:\/\/mdkmlawa.com\/turysta\/wp-content\/uploads\/sites\/4\/2021\/02\/herb-Mlawy-926x1024.jpg 926w, https:\/\/mdkmlawa.com\/turysta\/wp-content\/uploads\/sites\/4\/2021\/02\/herb-Mlawy-768x849.jpg 768w, https:\/\/mdkmlawa.com\/turysta\/wp-content\/uploads\/sites\/4\/2021\/02\/herb-Mlawy-1389x1536.jpg 1389w, https:\/\/mdkmlawa.com\/turysta\/wp-content\/uploads\/sites\/4\/2021\/02\/herb-Mlawy.jpg 1750w\" sizes=\"auto, (max-width: 271px) 100vw, 271px\" \/><\/figure>\n\n\n<style>.wp-block-kadence-advancedheading.kt-adv-heading_c81cd0-0c, .wp-block-kadence-advancedheading.kt-adv-heading_c81cd0-0c[data-kb-block=\"kb-adv-heading_c81cd0-0c\"]{font-style:normal;}.wp-block-kadence-advancedheading.kt-adv-heading_c81cd0-0c mark.kt-highlight, .wp-block-kadence-advancedheading.kt-adv-heading_c81cd0-0c[data-kb-block=\"kb-adv-heading_c81cd0-0c\"] mark.kt-highlight{font-style:normal;color:#f76a0c;-webkit-box-decoration-break:clone;box-decoration-break:clone;padding-top:0px;padding-right:0px;padding-bottom:0px;padding-left:0px;}<\/style>\n<p class=\"kt-adv-heading_c81cd0-0c wp-block-kadence-advancedheading\" data-kb-block=\"kb-adv-heading_c81cd0-0c\">To jeden z najbardziej rozpoznawalnych symboli M\u0142awy. Przedstawia on \u015bw. Wojciecha, trzymaj\u0105cego w lewej r\u0119ce krzy\u017c, a w prawej wios\u0142o. Ubrany w czerwony ornat i infu\u0142\u0119 biskup stoi pomi\u0119dzy dwoma wie\u017cami w kolorze czerwonym, kt\u00f3re zwie\u0144czaj\u0105 krzy\u017ce. Po bokach zewn\u0119trznych wie\u017c znajduj\u0105 si\u0119 napisy AOR\/PSM inaczej z \u0142ac. Adalbertus Orator Regni &#8211; Poloniae Sanctus Martyr, co po przet\u0142umaczeniu znaczy Wojciech Or\u0119downik Kr\u00f3lestwa Polskiego \u015awi\u0119ty M\u0119czennik. Podstawy wie\u017c po\u0142\u0105czone s\u0105 \u0142ukiem symbolizuj\u0105cym rzek\u0119. Kartusz ma kszta\u0142t profilowany, \u0142agodnie zaokr\u0105glony, niejako wpisuj\u0105cy si\u0119 w ko\u0142o, nawi\u0105zuj\u0105cy do du\u017cej okr\u0105g\u0142ej piecz\u0119ci z dawnych lat, obwiedziony ci\u0105g\u0142\u0105 grub\u0105 lini\u0105\u201d. Herb jest znakiem prawnie chronionym i jego rozpowszechnianie wymaga zgody Zarz\u0105du Miasta.<\/p>\n<\/div><\/div>\n<\/div><\/div><\/div>\n\n\n<style>#kt-layout-id_7a4428-e8 > .kt-row-column-wrap{align-content:start;}:where(#kt-layout-id_7a4428-e8 > .kt-row-column-wrap) > .wp-block-kadence-column{justify-content:start;}#kt-layout-id_7a4428-e8 > .kt-row-column-wrap{column-gap:var(--global-kb-gap-md, 2rem);row-gap:var(--global-kb-gap-md, 2rem);padding-top:var( --global-kb-row-default-top, 25px );padding-bottom:var( --global-kb-row-default-bottom, 25px );padding-top:var(--global-kb-spacing-sm, 1.5rem);padding-bottom:var(--global-kb-spacing-sm, 1.5rem);grid-template-columns:minmax(0, 1fr);}#kt-layout-id_7a4428-e8 > .kt-row-layout-overlay{opacity:0.30;}@media all and (max-width: 1024px){#kt-layout-id_7a4428-e8 > .kt-row-column-wrap{grid-template-columns:minmax(0, 1fr);}}@media all and (max-width: 767px){#kt-layout-id_7a4428-e8 > .kt-row-column-wrap{grid-template-columns:minmax(0, 1fr);}}<\/style>\n<div class=\"wp-block-kadence-rowlayout alignnone\"><div id=\"kt-layout-id_7a4428-e8\" class=\"kt-row-layout-inner kt-layout-id_7a4428-e8\"><div class=\"kt-row-column-wrap kt-has-1-columns kt-gutter-default kt-v-gutter-default kt-row-valign-top kt-row-layout-equal kt-tab-layout-inherit kt-m-colapse-left-to-right kt-mobile-layout-row\"><style>.kadence-column_776579-da > .kt-inside-inner-col{border-top-width:0px;border-right-width:0px;border-bottom-width:0px;border-left-width:0px;}.kadence-column_776579-da > .kt-inside-inner-col,.kadence-column_776579-da > .kt-inside-inner-col:before{border-top-left-radius:0px;border-top-right-radius:0px;border-bottom-right-radius:0px;border-bottom-left-radius:0px;}.kadence-column_776579-da > .kt-inside-inner-col{column-gap:var(--global-kb-gap-sm, 1rem);}.kadence-column_776579-da > .kt-inside-inner-col{flex-direction:column;}.kadence-column_776579-da > .kt-inside-inner-col > .aligncenter{width:100%;}.kadence-column_776579-da > .kt-inside-inner-col:before{opacity:0.3;}.kadence-column_776579-da{position:relative;}@media all and (max-width: 1024px){.kadence-column_776579-da > .kt-inside-inner-col{flex-direction:column;}}@media all and (max-width: 767px){.kadence-column_776579-da > .kt-inside-inner-col{flex-direction:column;}}<\/style>\n<div class=\"wp-block-kadence-column inner-column-1 kadence-column_776579-da\"><div class=\"kt-inside-inner-col\"><style>.wp-block-kadence-advancedheading.kt-adv-heading_676f31-60, .wp-block-kadence-advancedheading.kt-adv-heading_676f31-60[data-kb-block=\"kb-adv-heading_676f31-60\"]{font-style:normal;}.wp-block-kadence-advancedheading.kt-adv-heading_676f31-60 mark.kt-highlight, .wp-block-kadence-advancedheading.kt-adv-heading_676f31-60[data-kb-block=\"kb-adv-heading_676f31-60\"] mark.kt-highlight{font-style:normal;color:#f76a0c;-webkit-box-decoration-break:clone;box-decoration-break:clone;padding-top:0px;padding-right:0px;padding-bottom:0px;padding-left:0px;}<\/style>\n<h2 class=\"kt-adv-heading_676f31-60 wp-block-kadence-advancedheading\" data-kb-block=\"kb-adv-heading_676f31-60\">Flaga<\/h2>\n\n\n\n<figure class=\"wp-block-image size-large\"><img loading=\"lazy\" decoding=\"async\" width=\"1024\" height=\"611\" src=\"https:\/\/mdkmlawa.com\/turysta\/wp-content\/uploads\/sites\/4\/2021\/02\/Flaga-Mlawy-1024x611.jpg\" alt=\"\" class=\"wp-image-144\" srcset=\"https:\/\/mdkmlawa.com\/turysta\/wp-content\/uploads\/sites\/4\/2021\/02\/Flaga-Mlawy-1024x611.jpg 1024w, https:\/\/mdkmlawa.com\/turysta\/wp-content\/uploads\/sites\/4\/2021\/02\/Flaga-Mlawy-300x179.jpg 300w, https:\/\/mdkmlawa.com\/turysta\/wp-content\/uploads\/sites\/4\/2021\/02\/Flaga-Mlawy-768x458.jpg 768w, https:\/\/mdkmlawa.com\/turysta\/wp-content\/uploads\/sites\/4\/2021\/02\/Flaga-Mlawy-1536x917.jpg 1536w, https:\/\/mdkmlawa.com\/turysta\/wp-content\/uploads\/sites\/4\/2021\/02\/Flaga-Mlawy-2048x1222.jpg 2048w\" sizes=\"auto, (max-width: 1024px) 100vw, 1024px\" \/><\/figure>\n\n\n<style>.wp-block-kadence-advancedheading.kt-adv-heading_dbebae-fe, .wp-block-kadence-advancedheading.kt-adv-heading_dbebae-fe[data-kb-block=\"kb-adv-heading_dbebae-fe\"]{font-style:normal;}.wp-block-kadence-advancedheading.kt-adv-heading_dbebae-fe mark.kt-highlight, .wp-block-kadence-advancedheading.kt-adv-heading_dbebae-fe[data-kb-block=\"kb-adv-heading_dbebae-fe\"] mark.kt-highlight{font-style:normal;color:#f76a0c;-webkit-box-decoration-break:clone;box-decoration-break:clone;padding-top:0px;padding-right:0px;padding-bottom:0px;padding-left:0px;}<\/style>\n<p class=\"kt-adv-heading_dbebae-fe wp-block-kadence-advancedheading\" data-kb-block=\"kb-adv-heading_dbebae-fe\">Zosta\u0142a\u00a0zaprojektowana przez Centrum Heraldyki Polskiej, a sk\u0142ada si\u0119 z trzech r\u00f3wnoleg\u0142ych pas\u00f3w w uk\u0142adzie poziomym. Po 1\/5 bocznych powierzchni wype\u0142nia kolor b\u0142\u0119kitny, pozosta\u0142\u0105 \u015brodkow\u0105 cz\u0119\u015b\u0107 flagi stanowi biel, na kt\u00f3rej umieszczony jest herb miasta, czyli posta\u0107 \u015awi\u0119tego Wojciecha mi\u0119dzy dwiema czerwonymi wie\u017cami, trzymaj\u0105cego wios\u0142o i krzy\u017c.<\/p>\n<\/div><\/div>\n<\/div><\/div><\/div>\n\n\n<style>#kt-layout-id_4d408c-31 > .kt-row-column-wrap{align-content:start;}:where(#kt-layout-id_4d408c-31 > .kt-row-column-wrap) > .wp-block-kadence-column{justify-content:start;}#kt-layout-id_4d408c-31 > .kt-row-column-wrap{column-gap:var(--global-kb-gap-md, 2rem);row-gap:var(--global-kb-gap-md, 2rem);padding-top:var( --global-kb-row-default-top, 25px );padding-bottom:var( --global-kb-row-default-bottom, 25px );padding-top:var(--global-kb-spacing-sm, 1.5rem);padding-bottom:var(--global-kb-spacing-sm, 1.5rem);grid-template-columns:minmax(0, 1fr);}#kt-layout-id_4d408c-31 > .kt-row-layout-overlay{opacity:0.30;}@media all and (max-width: 1024px){#kt-layout-id_4d408c-31 > .kt-row-column-wrap{grid-template-columns:minmax(0, 1fr);}}@media all and (max-width: 767px){#kt-layout-id_4d408c-31 > .kt-row-column-wrap{grid-template-columns:minmax(0, 1fr);}}<\/style>\n<div class=\"wp-block-kadence-rowlayout alignnone\"><div id=\"kt-layout-id_4d408c-31\" class=\"kt-row-layout-inner kt-layout-id_4d408c-31\"><div class=\"kt-row-column-wrap kt-has-1-columns kt-gutter-default kt-v-gutter-default kt-row-valign-top kt-row-layout-equal kt-tab-layout-inherit kt-m-colapse-left-to-right kt-mobile-layout-row\"><style>.kadence-column_cf72c0-29 > .kt-inside-inner-col{border-top-width:0px;border-right-width:0px;border-bottom-width:0px;border-left-width:0px;}.kadence-column_cf72c0-29 > .kt-inside-inner-col,.kadence-column_cf72c0-29 > .kt-inside-inner-col:before{border-top-left-radius:0px;border-top-right-radius:0px;border-bottom-right-radius:0px;border-bottom-left-radius:0px;}.kadence-column_cf72c0-29 > .kt-inside-inner-col{column-gap:var(--global-kb-gap-sm, 1rem);}.kadence-column_cf72c0-29 > .kt-inside-inner-col{flex-direction:column;}.kadence-column_cf72c0-29 > .kt-inside-inner-col > .aligncenter{width:100%;}.kadence-column_cf72c0-29 > .kt-inside-inner-col:before{opacity:0.3;}.kadence-column_cf72c0-29{position:relative;}@media all and (max-width: 1024px){.kadence-column_cf72c0-29 > .kt-inside-inner-col{flex-direction:column;}}@media all and (max-width: 767px){.kadence-column_cf72c0-29 > .kt-inside-inner-col{flex-direction:column;}}<\/style>\n<div class=\"wp-block-kadence-column inner-column-1 kadence-column_cf72c0-29\"><div class=\"kt-inside-inner-col\"><style>.wp-block-kadence-advancedheading.kt-adv-heading_264ee6-96, .wp-block-kadence-advancedheading.kt-adv-heading_264ee6-96[data-kb-block=\"kb-adv-heading_264ee6-96\"]{font-style:normal;}.wp-block-kadence-advancedheading.kt-adv-heading_264ee6-96 mark.kt-highlight, .wp-block-kadence-advancedheading.kt-adv-heading_264ee6-96[data-kb-block=\"kb-adv-heading_264ee6-96\"] mark.kt-highlight{font-style:normal;color:#f76a0c;-webkit-box-decoration-break:clone;box-decoration-break:clone;padding-top:0px;padding-right:0px;padding-bottom:0px;padding-left:0px;}<\/style>\n<h2 class=\"kt-adv-heading_264ee6-96 wp-block-kadence-advancedheading\" data-kb-block=\"kb-adv-heading_264ee6-96\"><br>Hejna\u0142<\/h2>\n\n\n<style>.wp-block-kadence-advancedheading.kt-adv-heading_878e31-50, .wp-block-kadence-advancedheading.kt-adv-heading_878e31-50[data-kb-block=\"kb-adv-heading_878e31-50\"]{font-style:normal;}.wp-block-kadence-advancedheading.kt-adv-heading_878e31-50 mark.kt-highlight, .wp-block-kadence-advancedheading.kt-adv-heading_878e31-50[data-kb-block=\"kb-adv-heading_878e31-50\"] mark.kt-highlight{font-style:normal;color:#f76a0c;-webkit-box-decoration-break:clone;box-decoration-break:clone;padding-top:0px;padding-right:0px;padding-bottom:0px;padding-left:0px;}<\/style>\n<p class=\"kt-adv-heading_878e31-50 wp-block-kadence-advancedheading\" data-kb-block=\"kb-adv-heading_878e31-50\">Od wielu lat rozlega si\u0119 w samo po\u0142udnie z wie\u017cy m\u0142awskiego ratusza. Melodia zosta\u0142a skomponowana przez Mariusza Szabana i nawi\u0105zuje do muzyki wsp\u00f3\u0142czesnej. wygrywana jest na tr\u0105bce, a odtwarzana elektronicznie z p\u0142yty kompaktowej. Odgrywanie melodii zsynchronizowane jest z zegarem i kalendarzem. Codziennie punktualnie hejna\u0142 oznajmia po\u0142udnie. B\u0119dzie on r\u00f3wnie\u017c obwieszcza\u0142 rocznic\u0119: wybuchu drugiej wojny \u015bwiatowej i bitwy pod M\u0142aw\u0105 (1 wrze\u015bnia o godz. 19.00) oraz pocz\u0105tek nowego roku. Dzwony s\u0105siaduj\u0105cego z ratuszem ko\u015bcio\u0142a \u015aw. Tr\u00f3jcy bij\u0105 na Anio\u0142 Pa\u0144ski z minutowym op\u00f3\u017anieniem. W czasie uroczysto\u015bci pa\u0144stwowych i gminnych hejna\u0142 mo\u017ce by\u0107 wykonywany przez tr\u0119bacza.<\/p>\n<\/div><\/div>\n<\/div><\/div><\/div>\n","protected":false},"excerpt":{"rendered":"<p>Herb To jeden z najbardziej rozpoznawalnych symboli M\u0142awy. Przedstawia on \u015bw. Wojciecha, trzymaj\u0105cego w lewej r\u0119ce krzy\u017c, a w prawej wios\u0142o. Ubrany w czerwony ornat i infu\u0142\u0119 biskup stoi pomi\u0119dzy&#8230;<\/p>\n","protected":false},"author":1,"featured_media":144,"parent":60,"menu_order":0,"comment_status":"closed","ping_status":"closed","template":"","meta":{"_acf_changed":false,"_kad_blocks_custom_css":"","_kad_blocks_head_custom_js":"","_kad_blocks_body_custom_js":"","_kad_blocks_footer_custom_js":"","_kad_post_transparent":"","_kad_post_title":"","_kad_post_layout":"","_kad_post_sidebar_id":"","_kad_post_content_style":"","_kad_post_vertical_padding":"","_kad_post_feature":"","_kad_post_feature_position":"","_kad_post_header":false,"_kad_post_footer":false,"_kad_post_classname":"","footnotes":""},"class_list":["post-142","page","type-page","status-publish","has-post-thumbnail","hentry"],"acf":[],"featured_image_src_large":["https:\/\/mdkmlawa.com\/turysta\/wp-content\/uploads\/sites\/4\/2021\/02\/Flaga-Mlawy-1024x611.jpg",1024,611,true],"author_info":{"display_name":"efactory_tsz","author_link":"https:\/\/mdkmlawa.com\/turysta\/author\/efactory_tsz\/"},"comment_info":0,"taxonomy_info":[],"_links":{"self":[{"href":"https:\/\/mdkmlawa.com\/turysta\/wp-json\/wp\/v2\/pages\/142","targetHints":{"allow":["GET"]}}],"collection":[{"href":"https:\/\/mdkmlawa.com\/turysta\/wp-json\/wp\/v2\/pages"}],"about":[{"href":"https:\/\/mdkmlawa.com\/turysta\/wp-json\/wp\/v2\/types\/page"}],"author":[{"embeddable":true,"href":"https:\/\/mdkmlawa.com\/turysta\/wp-json\/wp\/v2\/users\/1"}],"replies":[{"embeddable":true,"href":"https:\/\/mdkmlawa.com\/turysta\/wp-json\/wp\/v2\/comments?post=142"}],"version-history":[{"count":2,"href":"https:\/\/mdkmlawa.com\/turysta\/wp-json\/wp\/v2\/pages\/142\/revisions"}],"predecessor-version":[{"id":146,"href":"https:\/\/mdkmlawa.com\/turysta\/wp-json\/wp\/v2\/pages\/142\/revisions\/146"}],"up":[{"embeddable":true,"href":"https:\/\/mdkmlawa.com\/turysta\/wp-json\/wp\/v2\/pages\/60"}],"wp:featuredmedia":[{"embeddable":true,"href":"https:\/\/mdkmlawa.com\/turysta\/wp-json\/wp\/v2\/media\/144"}],"wp:attachment":[{"href":"https:\/\/mdkmlawa.com\/turysta\/wp-json\/wp\/v2\/media?parent=142"}],"curies":[{"name":"wp","href":"https:\/\/api.w.org\/{rel}","templated":true}]}}