{"id":203,"date":"2021-03-11T19:12:51","date_gmt":"2021-03-11T18:12:51","guid":{"rendered":"https:\/\/mdkmlawa.com\/kino\/?page_id=203"},"modified":"2023-11-09T12:26:41","modified_gmt":"2023-11-09T11:26:41","slug":"repertuar","status":"publish","type":"page","link":"https:\/\/mdkmlawa.com\/kino\/repertuar\/","title":{"rendered":"Repertuar"},"content":{"rendered":"<style>#kt-layout-id_5b82e8-36 > .kt-row-column-wrap{z-index:10;position:relative;align-content:center;}:where(#kt-layout-id_5b82e8-36 > .kt-row-column-wrap) > .wp-block-kadence-column{justify-content:center;}#kt-layout-id_5b82e8-36 > .kt-row-column-wrap{column-gap:var(--global-kb-gap-md, 2rem);row-gap:var(--global-kb-gap-md, 2rem);padding-top:var( --global-kb-row-default-top, 25px );padding-bottom:var( --global-kb-row-default-bottom, 25px );padding-top:80px;padding-bottom:110px;padding-left:25px;padding-right:25px;min-height:500px;grid-template-columns:minmax(0, 1fr);}#kt-layout-id_5b82e8-36{background-image:url('https:\/\/mdkmlawa.com\/kino\/wp-content\/uploads\/sites\/3\/2021\/03\/kosmos-bg.jpg');background-size:auto;background-position:center center;background-attachment:scroll;background-repeat:repeat;}#kt-layout-id_5b82e8-36 > .kt-row-layout-overlay{opacity:0.90;background-image:linear-gradient(90deg, var(--global-palette3, #1A202C) 12%, #000000 100%);}#kt-layout-id_5b82e8-36 .kt-row-layout-bottom-sep{height:100px;}#kt-layout-id_5b82e8-36 .kt-row-layout-bottom-sep svg{width:100%;}#kt-layout-id_5b82e8-36 .kt-row-layout-bottom-sep svg{fill:var(--global-palette9, #ffffff)!important;}@media all and (max-width: 1024px){#kt-layout-id_5b82e8-36 > .kt-row-column-wrap{grid-template-columns:minmax(0, 1fr);}}@media all and (max-width: 1024px){#kt-layout-id_5b82e8-36 .kt-row-layout-bottom-sep{height:px;}}@media all and (max-width: 1024px){#kt-layout-id_5b82e8-36 .kt-row-layout-bottom-sep svg{width:%;}}@media all and (max-width: 767px){#kt-layout-id_5b82e8-36 > .kt-row-column-wrap{grid-template-columns:minmax(0, 1fr);}#kt-layout-id_5b82e8-36 .kt-row-layout-bottom-sep{height:px;}#kt-layout-id_5b82e8-36 .kt-row-layout-bottom-sep svg{width:%;}}<\/style>\n<div class=\"wp-block-kadence-rowlayout alignnone\"><div id=\"kt-layout-id_5b82e8-36\" class=\"kt-row-layout-inner kt-row-has-bg kt-layout-id_5b82e8-36\"><div class=\"kt-row-layout-overlay kt-row-overlay-gradient\"><\/div><div class=\"kt-row-column-wrap kt-has-1-columns kt-gutter-default kt-v-gutter-default kt-row-valign-middle kt-row-layout-equal kt-tab-layout-inherit kt-m-colapse-left-to-right kt-mobile-layout-row\"><style>.kadence-column_b0334a-87 > .kt-inside-inner-col{border-top-width:0px;border-right-width:0px;border-bottom-width:0px;border-left-width:0px;}.kadence-column_b0334a-87 > .kt-inside-inner-col,.kadence-column_b0334a-87 > .kt-inside-inner-col:before{border-top-left-radius:0px;border-top-right-radius:0px;border-bottom-right-radius:0px;border-bottom-left-radius:0px;}.kadence-column_b0334a-87 > .kt-inside-inner-col{column-gap:var(--global-kb-gap-sm, 1rem);}.kadence-column_b0334a-87 > .kt-inside-inner-col{flex-direction:column;}.kadence-column_b0334a-87 > .kt-inside-inner-col > .aligncenter{width:100%;}.kadence-column_b0334a-87 > .kt-inside-inner-col:before{opacity:0.3;}.kadence-column_b0334a-87{position:relative;}@media all and (max-width: 1024px){.kadence-column_b0334a-87 > .kt-inside-inner-col{flex-direction:column;}}@media all and (max-width: 767px){.kadence-column_b0334a-87 > .kt-inside-inner-col{flex-direction:column;}}<\/style>\n<div class=\"wp-block-kadence-column inner-column-1 kadence-column_b0334a-87\"><div class=\"kt-inside-inner-col\"><style>.wp-block-kadence-advancedheading.kt-adv-heading_5824a2-d7, .wp-block-kadence-advancedheading.kt-adv-heading_5824a2-d7[data-kb-block=\"kb-adv-heading_5824a2-d7\"]{text-align:center;font-size:60px;font-style:normal;color:#ffffff;text-shadow:1px 1px 1px rgba(0, 0, 0, 0.2);}.wp-block-kadence-advancedheading.kt-adv-heading_5824a2-d7 mark.kt-highlight, .wp-block-kadence-advancedheading.kt-adv-heading_5824a2-d7[data-kb-block=\"kb-adv-heading_5824a2-d7\"] mark.kt-highlight{font-style:normal;color:#f76a0c;-webkit-box-decoration-break:clone;box-decoration-break:clone;padding-top:0px;padding-right:0px;padding-bottom:0px;padding-left:0px;}@media all and (max-width: 1024px){.wp-block-kadence-advancedheading.kt-adv-heading_5824a2-d7, .wp-block-kadence-advancedheading.kt-adv-heading_5824a2-d7[data-kb-block=\"kb-adv-heading_5824a2-d7\"]{font-size:50px;}}@media all and (max-width: 767px){.wp-block-kadence-advancedheading.kt-adv-heading_5824a2-d7, .wp-block-kadence-advancedheading.kt-adv-heading_5824a2-d7[data-kb-block=\"kb-adv-heading_5824a2-d7\"]{text-shadow:1px 1px 1px rgba(0, 0, 0, 0.2);font-size:40px;}}<\/style>\n<h1 class=\"kt-adv-heading_5824a2-d7 wp-block-kadence-advancedheading\" data-kb-block=\"kb-adv-heading_5824a2-d7\">Repertuar kina<\/h1>\n<\/div><\/div>\n<\/div><div class=\"kt-row-layout-bottom-sep kt-row-sep-type-mtns\"><\/div><\/div><\/div>\n\n\n<style>#kt-layout-id_569b1d-ab{margin-top:-200px;}#kt-layout-id_569b1d-ab > .kt-row-column-wrap{align-content:start;}:where(#kt-layout-id_569b1d-ab > .kt-row-column-wrap) > .wp-block-kadence-column{justify-content:start;}#kt-layout-id_569b1d-ab > .kt-row-column-wrap{column-gap:var(--global-kb-gap-md, 2rem);row-gap:var(--global-kb-gap-md, 2rem);max-width:1000px;margin-left:auto;margin-right:auto;padding-top:var( --global-kb-row-default-top, 25px );padding-bottom:var( --global-kb-row-default-bottom, 25px );padding-top:60px;padding-bottom:80px;padding-left:25px;padding-right:25px;grid-template-columns:minmax(0, 1fr);}#kt-layout-id_569b1d-ab > .kt-row-layout-overlay{opacity:0.30;}#kt-layout-id_569b1d-ab .kt-row-layout-bottom-sep{height:100px;}#kt-layout-id_569b1d-ab .kt-row-layout-bottom-sep svg{width:100%;}#kt-layout-id_569b1d-ab .kt-row-layout-bottom-sep svg{fill:#ffffff!important;}@media all and (max-width: 1024px){#kt-layout-id_569b1d-ab > .kt-row-column-wrap{grid-template-columns:minmax(0, 1fr);}}@media all and (max-width: 1024px){#kt-layout-id_569b1d-ab .kt-row-layout-bottom-sep{height:px;}}@media all and (max-width: 1024px){#kt-layout-id_569b1d-ab .kt-row-layout-bottom-sep svg{width:%;}}@media all and (max-width: 767px){#kt-layout-id_569b1d-ab > .kt-row-column-wrap{grid-template-columns:minmax(0, 1fr);}#kt-layout-id_569b1d-ab .kt-row-layout-bottom-sep{height:px;}#kt-layout-id_569b1d-ab .kt-row-layout-bottom-sep svg{width:%;}}<\/style>\n<div class=\"wp-block-kadence-rowlayout alignnone\"><div id=\"kt-layout-id_569b1d-ab\" class=\"kt-row-layout-inner kt-layout-id_569b1d-ab\"><div class=\"kt-row-column-wrap kt-has-1-columns kt-gutter-default kt-v-gutter-default kt-row-valign-top kt-row-layout-equal kt-tab-layout-inherit kt-m-colapse-left-to-right kt-mobile-layout-row\"><style>.kadence-column_7b361f-39 > .kt-inside-inner-col{padding-top:50px;padding-bottom:30px;padding-left:40px;padding-right:40px;}.kadence-column_7b361f-39 > .kt-inside-inner-col{box-shadow:0px -51px 30px 0px rgba(0, 0, 0, 0.06);border-top-width:0px;border-right-width:0px;border-bottom-width:0px;border-left-width:0px;}.kadence-column_7b361f-39 > .kt-inside-inner-col,.kadence-column_7b361f-39 > .kt-inside-inner-col:before{border-top-left-radius:10px;border-top-right-radius:10px;border-bottom-right-radius:10px;border-bottom-left-radius:10px;}.kadence-column_7b361f-39 > .kt-inside-inner-col{column-gap:var(--global-kb-gap-sm, 1rem);}.kadence-column_7b361f-39 > .kt-inside-inner-col{flex-direction:column;}.kadence-column_7b361f-39 > .kt-inside-inner-col > .aligncenter{width:100%;}.kadence-column_7b361f-39 > .kt-inside-inner-col{background-color:var(--global-palette9, #ffffff);}.kadence-column_7b361f-39 > .kt-inside-inner-col:before{opacity:0.3;}.kadence-column_7b361f-39{position:relative;}.wp-block-kadence-column.kadence-column_7b361f-39 > .kt-inside-inner-col{margin-top:-50px;}@media all and (max-width: 1024px){.kadence-column_7b361f-39 > .kt-inside-inner-col{padding-top:50px;padding-bottom:30px;padding-left:20px;padding-right:20px;flex-direction:column;}}@media all and (max-width: 767px){.kadence-column_7b361f-39 > .kt-inside-inner-col{padding-top:50px;padding-bottom:30px;padding-left:15px;padding-right:15px;flex-direction:column;}}<\/style>\n<div class=\"wp-block-kadence-column inner-column-1 kadence-column_7b361f-39\"><div class=\"kt-inside-inner-col\"><style>.wp-block-kadence-advancedheading.kt-adv-heading_d999a7-d2, .wp-block-kadence-advancedheading.kt-adv-heading_d999a7-d2[data-kb-block=\"kb-adv-heading_d999a7-d2\"]{text-align:left;font-size:20px;font-style:normal;}.wp-block-kadence-advancedheading.kt-adv-heading_d999a7-d2 mark.kt-highlight, .wp-block-kadence-advancedheading.kt-adv-heading_d999a7-d2[data-kb-block=\"kb-adv-heading_d999a7-d2\"] mark.kt-highlight{font-style:normal;color:#f76a0c;-webkit-box-decoration-break:clone;box-decoration-break:clone;padding-top:0px;padding-right:0px;padding-bottom:0px;padding-left:0px;}<\/style>\n<h3 class=\"kt-adv-heading_d999a7-d2 wp-block-kadence-advancedheading\" data-kb-block=\"kb-adv-heading_d999a7-d2\">Tu mo\u017cesz sprawdzi\u0107, jakie filmy pojawi\u0105 si\u0119 na ekranie kina Kosmos w najbli\u017cszym czasie. Klasyczny miesi\u0119czny terminarz to bardzo przydatne rozwi\u0105zanie dla tradycjonalist\u00f3w. Mo\u017cesz go pobra\u0107, zapisa\u0107 w pami\u0119ci telefonu b\u0105d\u017a komputera i zawsze by\u0107 na bie\u017c\u0105co z naszymi nowo\u015bciami.&nbsp;<\/h3>\n\n\n<style>.wp-block-kadence-advancedbtn.kb-btns_04ca1e-22{gap:var(--global-kb-gap-xs, 0.5rem );justify-content:flex-start;align-items:center;}.kt-btns_04ca1e-22 .kt-button{font-weight:normal;font-style:normal;}.kt-btns_04ca1e-22 .kt-btn-wrap-0{margin-right:15px;}.wp-block-kadence-advancedbtn.kt-btns_04ca1e-22 .kt-btn-wrap-0 .kt-button{padding-left:32px;padding-right:32px;padding-top:12px;padding-bottom:12px;color:#ffffff;font-size:20px;background:var(--global-palette1, #3182CE);border-color:rgba(85, 85, 85, 0);}.wp-block-kadence-advancedbtn.kt-btns_04ca1e-22 .kt-btn-wrap-0 .kt-button:hover, .wp-block-kadence-advancedbtn.kt-btns_04ca1e-22 .kt-btn-wrap-0 .kt-button:focus{color:#ffffff;border-color:rgba(68, 68, 68, 0);}.wp-block-kadence-advancedbtn.kt-btns_04ca1e-22 .kt-btn-wrap-0 .kt-button::before{display:none;}.wp-block-kadence-advancedbtn.kt-btns_04ca1e-22 .kt-btn-wrap-0 .kt-button:hover, .wp-block-kadence-advancedbtn.kt-btns_04ca1e-22 .kt-btn-wrap-0 .kt-button:focus{background:var(--global-palette1, #3182CE);}.kt-btns_04ca1e-22 .kt-btn-wrap-1{margin-right:15px;}.wp-block-kadence-advancedbtn.kt-btns_04ca1e-22 .kt-btn-wrap-1 .kt-button{padding-left:32px;padding-right:32px;padding-top:12px;padding-bottom:12px;color:#ffffff;font-size:20px;background:var(--global-palette1, #3182CE);border-color:rgba(85, 85, 85, 0);}.wp-block-kadence-advancedbtn.kt-btns_04ca1e-22 .kt-btn-wrap-1 .kt-button:hover, .wp-block-kadence-advancedbtn.kt-btns_04ca1e-22 .kt-btn-wrap-1 .kt-button:focus{color:#ffffff;border-color:rgba(68, 68, 68, 0);}.wp-block-kadence-advancedbtn.kt-btns_04ca1e-22 .kt-btn-wrap-1 .kt-button::before{display:none;}.wp-block-kadence-advancedbtn.kt-btns_04ca1e-22 .kt-btn-wrap-1 .kt-button:hover, .wp-block-kadence-advancedbtn.kt-btns_04ca1e-22 .kt-btn-wrap-1 .kt-button:focus{background:var(--global-palette1, #3182CE);}@media all and (max-width: 767px){.wp-block-kadence-advancedbtn.kb-btns_04ca1e-22{justify-content:center;}}<\/style>\n<div class=\"wp-block-kadence-advancedbtn kt-btn-align-left kt-btn-tablet-align-inherit kt-btn-mobile-align-center kt-btns-wrap kt-btns_04ca1e-22 kt-force-btn-fullwidth kt-btn-align-undefined\"><div class=\"kt-btn-wrap kt-btn-wrap-0\"><a class=\"kt-button button kt-btn-0-action kt-btn-size-custom kt-btn-style-basic kt-btn-svg-show-always kt-btn-has-text-true kt-btn-has-svg-true\" href=\"\/kino\/#kup-bilet\" style=\"border-radius:50px;border-width:0px\"><span class=\"kt-btn-inner-text\">Zam\u00f3w bilet przez internet<\/span><div style=\"justify-content:center;align-items:center\" class=\"kt-btn-svg-icon kt-btn-svg-icon-fe_arrowRight kt-btn-side-right\"><\/div><\/a><\/div><\/div>\n\n\n\n<p><\/p>\n\n\n<div class=\"wpv-view-output\" data-toolset-views-view-editor=\"02bf4fb4f4b62416151f5bc8b21f33fe\"><div class=\"wp-block-toolset-views-view-editor\"><div id=\"wpv-view-layout-250\" class=\"js-wpv-view-layout js-wpv-layout-responsive js-wpv-view-layout-250\" data-viewnumber=\"250\" data-pagination=\"{&quot;id&quot;:&quot;250&quot;,&quot;query&quot;:&quot;normal&quot;,&quot;type&quot;:&quot;disabled&quot;,&quot;effect&quot;:&quot;fade&quot;,&quot;duration&quot;:500,&quot;speed&quot;:5,&quot;pause_on_hover&quot;:&quot;disabled&quot;,&quot;stop_rollover&quot;:&quot;false&quot;,&quot;cache_pages&quot;:&quot;enabled&quot;,&quot;preload_images&quot;:&quot;enabled&quot;,&quot;preload_pages&quot;:&quot;enabled&quot;,&quot;preload_reach&quot;:1,&quot;spinner&quot;:&quot;builtin&quot;,&quot;spinner_image&quot;:&quot;https:\/\/mdkmlawa.com\/kino\/wp-content\/plugins\/toolset-blocks\/embedded\/res\/img\/ajax-loader.gif&quot;,&quot;callback_next&quot;:&quot;&quot;,&quot;manage_history&quot;:&quot;enabled&quot;,&quot;has_controls_in_form&quot;:&quot;disabled&quot;,&quot;infinite_tolerance&quot;:&quot;0&quot;,&quot;max_pages&quot;:1,&quot;page&quot;:1,&quot;base_permalink&quot;:&quot;\/kino\/wp-json\/wp\/v2\/pages\/203?wpv_view_count=250&amp;wpv_paged=WPV_PAGE_NUM&quot;,&quot;loop&quot;:{&quot;type&quot;:&quot;&quot;,&quot;name&quot;:&quot;&quot;,&quot;data&quot;:[],&quot;id&quot;:0}}\" data-permalink=\"\/kino\/wp-json\/wp\/v2\/pages\/203?wpv_view_count=250\">\n<div class=\"js-wpv-loop-wrapper\"><div class=\"tb-grid\"><div class=\"tb-grid-column\">\n<div class=\"wp-block-toolset-views-view-template-block wpv-block-loop-item php-to-be-replaced-with-shortcode\" data-toolset-views-view-template-block=\"322ad5dd38d556521be913402649925a\"><div class=\"wp-block-image\">\n<figure class=\" tb-image tb-image-dynamic aligncenter\" data-toolset-blocks-image=\"b021e9855fecc091d0ee98c18d626db1\"><img decoding=\"async\" width=\"1543\" height=\"2185\" loading=\"lazy\" src=\"https:\/\/mdkmlawa.com\/kino\/wp-content\/uploads\/sites\/3\/2026\/04\/repertuar-maj-MALY.jpg\" alt=\"Repertuar kina kosmos na ten miesi\u0105c\" class=\"wp-image-456\" srcset=\"https:\/\/mdkmlawa.com\/kino\/wp-content\/uploads\/sites\/3\/2026\/04\/repertuar-maj-MALY.jpg 1543w, https:\/\/mdkmlawa.com\/kino\/wp-content\/uploads\/sites\/3\/2026\/04\/repertuar-maj-MALY-212x300.jpg 212w, https:\/\/mdkmlawa.com\/kino\/wp-content\/uploads\/sites\/3\/2026\/04\/repertuar-maj-MALY-723x1024.jpg 723w, https:\/\/mdkmlawa.com\/kino\/wp-content\/uploads\/sites\/3\/2026\/04\/repertuar-maj-MALY-768x1088.jpg 768w, https:\/\/mdkmlawa.com\/kino\/wp-content\/uploads\/sites\/3\/2026\/04\/repertuar-maj-MALY-1085x1536.jpg 1085w, https:\/\/mdkmlawa.com\/kino\/wp-content\/uploads\/sites\/3\/2026\/04\/repertuar-maj-MALY-1446x2048.jpg 1446w\" sizes=\"auto, (max-width: 1543px) 100vw, 1543px\" \/><\/figure>\n<\/div>\n\n\n<p><\/p>\n<\/div>\n<\/div><\/div><\/div><\/div><\/div>\n\n<\/div><\/div><\/div>\n<\/div><\/div><\/div>\n","protected":false},"excerpt":{"rendered":"<p>Repertuar kina Tu mo\u017cesz sprawdzi\u0107, jakie filmy pojawi\u0105 si\u0119 na ekranie kina Kosmos w najbli\u017cszym czasie. Klasyczny miesi\u0119czny terminarz to bardzo przydatne rozwi\u0105zanie dla tradycjonalist\u00f3w. Mo\u017cesz go pobra\u0107, zapisa\u0107 w&#8230;<\/p>\n","protected":false},"author":1,"featured_media":0,"parent":0,"menu_order":0,"comment_status":"closed","ping_status":"closed","template":"","meta":{"_acf_changed":false,"_kad_blocks_custom_css":"","_kad_blocks_head_custom_js":"","_kad_blocks_body_custom_js":"","_kad_blocks_footer_custom_js":"","_kad_post_transparent":"","_kad_post_title":"","_kad_post_layout":"","_kad_post_sidebar_id":"","_kad_post_content_style":"","_kad_post_vertical_padding":"","_kad_post_feature":"","_kad_post_feature_position":"","_kad_post_header":false,"_kad_post_footer":false,"_kad_post_classname":"","footnotes":""},"class_list":["post-203","page","type-page","status-publish","hentry"],"acf":[],"featured_image_src_large":false,"author_info":{"display_name":"efactory_tsz","author_link":"https:\/\/mdkmlawa.com\/kino\/author\/efactory_tsz\/"},"comment_info":0,"taxonomy_info":[],"_links":{"self":[{"href":"https:\/\/mdkmlawa.com\/kino\/wp-json\/wp\/v2\/pages\/203","targetHints":{"allow":["GET"]}}],"collection":[{"href":"https:\/\/mdkmlawa.com\/kino\/wp-json\/wp\/v2\/pages"}],"about":[{"href":"https:\/\/mdkmlawa.com\/kino\/wp-json\/wp\/v2\/types\/page"}],"author":[{"embeddable":true,"href":"https:\/\/mdkmlawa.com\/kino\/wp-json\/wp\/v2\/users\/1"}],"replies":[{"embeddable":true,"href":"https:\/\/mdkmlawa.com\/kino\/wp-json\/wp\/v2\/comments?post=203"}],"version-history":[{"count":12,"href":"https:\/\/mdkmlawa.com\/kino\/wp-json\/wp\/v2\/pages\/203\/revisions"}],"predecessor-version":[{"id":356,"href":"https:\/\/mdkmlawa.com\/kino\/wp-json\/wp\/v2\/pages\/203\/revisions\/356"}],"wp:attachment":[{"href":"https:\/\/mdkmlawa.com\/kino\/wp-json\/wp\/v2\/media?parent=203"}],"curies":[{"name":"wp","href":"https:\/\/api.w.org\/{rel}","templated":true}]}}